{"id":52470,"date":"2025-05-26T00:43:19","date_gmt":"2025-05-26T06:43:19","guid":{"rendered":"http:\/\/hydraulitechs.com\/mapa-del-sitio\/"},"modified":"2026-04-16T13:17:15","modified_gmt":"2026-04-16T19:17:15","slug":"mapa-del-sitio","status":"publish","type":"page","link":"http:\/\/hydraulitechs.com\/es\/mapa-del-sitio\/","title":{"rendered":"Mapa del sitio"},"content":{"rendered":"<p>[et_pb_section fb_built=\u00bb1&#8243; _builder_version=\u00bb4.21.0&#8243; _module_preset=\u00bbdefault\u00bb background_color=\u00bb#093A63&#8243; background_image=\u00bbhttp:\/\/hydraulitechs.com\/wp-content\/uploads\/2023\/07\/secondary-page-header-v3.jpg\u00bb global_colors_info=\u00bb{}\u00bb theme_builder_area=\u00bbpost_content\u00bb][et_pb_row _builder_version=\u00bb4.21.0&#8243; _module_preset=\u00bbdefault\u00bb custom_padding=\u00bb||4px|||\u00bb global_colors_info=\u00bb{}\u00bb theme_builder_area=\u00bbpost_content\u00bb][et_pb_column type=\u00bb4_4&#8243; _builder_version=\u00bb4.21.0&#8243; _module_preset=\u00bbdefault\u00bb global_colors_info=\u00bb{}\u00bb theme_builder_area=\u00bbpost_content\u00bb][et_pb_text _builder_version=\u00bb4.27.2&#8243; _module_preset=\u00bbdefault\u00bb header_font=\u00bbRoboto|700||on|||||\u00bb header_text_color=\u00bb#FFFFFF\u00bb header_font_size=\u00bb76px\u00bb hover_enabled=\u00bb0&#8243; header_font_size_tablet=\u00bb76px\u00bb header_font_size_phone=\u00bb40px\u00bb header_font_size_last_edited=\u00bbon|phone\u00bb global_colors_info=\u00bb{}\u00bb theme_builder_area=\u00bbpost_content\u00bb sticky_enabled=\u00bb0&#8243;]<\/p>\n<h1 style=\"text-align: left;\">Mapa del sitio<\/h1>\n<p>[\/et_pb_text][\/et_pb_column][\/et_pb_row][\/et_pb_section][et_pb_section fb_built=\u00bb1&#8243; _builder_version=\u00bb4.21.0&#8243; _module_preset=\u00bbdefault\u00bb global_colors_info=\u00bb{}\u00bb theme_builder_area=\u00bbpost_content\u00bb][et_pb_row _builder_version=\u00bb4.27.2&#8243; _module_preset=\u00bbdefault\u00bb theme_builder_area=\u00bbpost_content\u00bb][et_pb_column _builder_version=\u00bb4.27.2&#8243; _module_preset=\u00bbdefault\u00bb type=\u00bb4_4&#8243; theme_builder_area=\u00bbpost_content\u00bb][et_pb_text _builder_version=\u00bb4.27.2&#8243; _module_preset=\u00bbdefault\u00bb theme_builder_area=\u00bbpost_content\u00bb hover_enabled=\u00bb0&#8243; sticky_enabled=\u00bb0&#8243;]<b><a href=\"http:\/\/hydraulitechs.com\/es\/\">Inicio<\/a><\/b><\/p>\n<ul style=\"margin-left:20px;\">\n<li><a href=\"http:\/\/hydraulitechs.com\/about-us-hydraulitechs\/\">Sobre nosotros<\/a><\/li>\n<li><a href=\"http:\/\/hydraulitechs.com\/hydraulic-machine-shop-products\/\">Todos los productos<\/a><\/li>\n<li><a href=\"http:\/\/hydraulitechs.com\/hydraulic-machine-shop-products\/nutbuster-hydraulic-cylinder-repair-disassembly-bench\/\">Nutbuster<\/a><\/li>\n<li><a href=\"http:\/\/hydraulitechs.com\/hydraulic-machine-shop-products\/honing-machine\/\">Bru\u00f1idora<\/a><\/li>\n<li><a href=\"http:\/\/hydraulitechs.com\/hydraulic-machine-shop-products\/rod-polisher\/\">Pulidora de v\u00e1stagos<\/a><\/li>\n<li><a href=\"http:\/\/hydraulitechs.com\/hydraulic-machine-shop-products\/hydraulic-cylinder-chain-vise-stand\/\">Soporte de tornillo de cadena<\/a><\/li>\n<li><a href=\"http:\/\/hydraulitechs.com\/hydraulic-machine-shop-products\/test-rig\/\">Banco de pruebas<\/a><\/li>\n<li><a href=\"http:\/\/hydraulitechs.com\/contact-us\/\">Contacto<\/a><\/li>\n<li><a href=\"http:\/\/hydraulitechs.com\/privacy-policy\/\">Pol\u00edtica de privacidad<\/a><\/li>\n<\/ul>\n<p>[\/et_pb_text][\/et_pb_column][\/et_pb_row][\/et_pb_section][et_pb_section fb_built=\u00bb1&#8243; disabled_on=\u00bbon|on|on\u00bb _builder_version=\u00bb4.21.0&#8243; _module_preset=\u00bbdefault\u00bb background_image=\u00bbhttp:\/\/hydraulitechs.com\/wp-content\/uploads\/2023\/07\/world-background.jpg\u00bb background_position=\u00bbtop_center\u00bb custom_padding=\u00bb||35px|||\u00bb disabled=\u00bbon\u00bb global_colors_info=\u00bb{}\u00bb theme_builder_area=\u00bbpost_content\u00bb][et_pb_row column_structure=\u00bb1_5,3_5,1_5&#8243; _builder_version=\u00bb4.27.2&#8243; _module_preset=\u00bbdefault\u00bb global_colors_info=\u00bb{}\u00bb theme_builder_area=\u00bbpost_content\u00bb][et_pb_column type=\u00bb1_5&#8243; _builder_version=\u00bb4.21.0&#8243; _module_preset=\u00bbdefault\u00bb global_colors_info=\u00bb{}\u00bb theme_builder_area=\u00bbpost_content\u00bb][\/et_pb_column][et_pb_column type=\u00bb3_5&#8243; _builder_version=\u00bb4.21.0&#8243; _module_preset=\u00bbdefault\u00bb global_colors_info=\u00bb{}\u00bb theme_builder_area=\u00bbpost_content\u00bb][et_pb_text _builder_version=\u00bb4.21.0&#8243; _module_preset=\u00bbdefault\u00bb header_3_font=\u00bb|||on|||||\u00bb header_3_text_color=\u00bb#FFFFFF\u00bb global_colors_info=\u00bb{}\u00bb theme_builder_area=\u00bbpost_content\u00bb]<\/p>\n<h3>Solicite un presupuesto o env\u00edenos un mensaje<\/h3>\n<p>[\/et_pb_text][et_pb_df_gravityform_injector id=\u00bb3&#8243; title=\u00bboff\u00bb description=\u00bboff\u00bb fb_background_color=\u00bb#DCA32F\u00bb fb_background_color_hover=\u00bb#dbb976&#8243; fb_text_color_hover=\u00bb#FFFFFF\u00bb fb_padding=\u00bb15px|40px|15px|40px|false|false\u00bb fb_margin=\u00bb10px|15px|0|0|false|false\u00bb input_background_color=\u00bbrgba(255,255,255,0.5)\u00bb _builder_version=\u00bb4.21.0&#8243; _module_preset=\u00bbdefault\u00bb input_font=\u00bb|700||on|||||\u00bb input_text_color=\u00bb#FFFFFF\u00bb input_font_size=\u00bb21px\u00bb form_button_font=\u00bb|700||on|||||\u00bb form_button_text_color=\u00bb#FFFFFF\u00bb custom_padding=\u00bb0px|0px|0px|0px|false|false\u00bb hover_enabled=\u00bb0&#8243; global_colors_info=\u00bb{}\u00bb theme_builder_area=\u00bbpost_content\u00bb sticky_enabled=\u00bb0&#8243;][\/et_pb_df_gravityform_injector][\/et_pb_column][et_pb_column type=\u00bb1_5&#8243; _builder_version=\u00bb4.21.0&#8243; _module_preset=\u00bbdefault\u00bb global_colors_info=\u00bb{}\u00bb theme_builder_area=\u00bbpost_content\u00bb][\/et_pb_column][\/et_pb_row][\/et_pb_section]<\/p>\n","protected":false},"excerpt":{"rendered":"<p>Mapa del sitioInicio Sobre nosotros Todos los productos Nutbuster Bru\u00f1idora Pulidora de v\u00e1stagos Soporte de tornillo de cadena Banco de pruebas Contacto Pol\u00edtica de privacidad Solicite un presupuesto o env\u00edenos un mensaje<\/p>\n","protected":false},"author":4,"featured_media":0,"parent":0,"menu_order":0,"comment_status":"closed","ping_status":"closed","template":"","meta":{"_acf_changed":false,"_et_pb_use_builder":"on","_et_pb_old_content":"","_et_gb_content_width":"","footnotes":""},"class_list":["post-52470","page","type-page","status-publish","hentry"],"acf":[],"yoast_head":"<!-- This site is optimized with the Yoast SEO plugin v26.5 - https:\/\/yoast.com\/wordpress\/plugins\/seo\/ -->\n<title>Mapa del sitio - Hydraulitechs | Hydraulic Service | Tube Honing Machine | Saskatoon SK<\/title>\n<meta name=\"robots\" content=\"index, follow, max-snippet:-1, max-image-preview:large, max-video-preview:-1\" \/>\n<link rel=\"canonical\" href=\"http:\/\/hydraulitechs.com\/es\/mapa-del-sitio\/\" \/>\n<meta property=\"og:locale\" content=\"es_ES\" \/>\n<meta property=\"og:type\" content=\"article\" \/>\n<meta property=\"og:title\" content=\"Mapa del sitio - Hydraulitechs | Hydraulic Service | Tube Honing Machine | Saskatoon SK\" \/>\n<meta property=\"og:description\" content=\"Mapa del sitioInicio Sobre nosotros Todos los productos Nutbuster Bru\u00f1idora Pulidora de v\u00e1stagos Soporte de tornillo de cadena Banco de pruebas Contacto Pol\u00edtica de privacidad Solicite un presupuesto o env\u00edenos un mensaje\" \/>\n<meta property=\"og:url\" content=\"http:\/\/hydraulitechs.com\/es\/mapa-del-sitio\/\" \/>\n<meta property=\"og:site_name\" content=\"Hydraulitechs | Hydraulic Service | Tube Honing Machine | Saskatoon SK\" \/>\n<meta property=\"article:modified_time\" content=\"2026-04-16T19:17:15+00:00\" \/>\n<meta name=\"twitter:card\" content=\"summary_large_image\" \/>\n<meta name=\"twitter:label1\" content=\"Tiempo de lectura\" \/>\n\t<meta name=\"twitter:data1\" content=\"2 minutos\" \/>\n<script type=\"application\/ld+json\" class=\"yoast-schema-graph\">{\"@context\":\"https:\/\/schema.org\",\"@graph\":[{\"@type\":\"WebPage\",\"@id\":\"http:\/\/hydraulitechs.com\/es\/mapa-del-sitio\/\",\"url\":\"http:\/\/hydraulitechs.com\/es\/mapa-del-sitio\/\",\"name\":\"Mapa del sitio - Hydraulitechs | Hydraulic Service | Tube Honing Machine | Saskatoon SK\",\"isPartOf\":{\"@id\":\"http:\/\/hydraulitechs.com\/es\/#website\"},\"datePublished\":\"2025-05-26T06:43:19+00:00\",\"dateModified\":\"2026-04-16T19:17:15+00:00\",\"breadcrumb\":{\"@id\":\"http:\/\/hydraulitechs.com\/es\/mapa-del-sitio\/#breadcrumb\"},\"inLanguage\":\"es\",\"potentialAction\":[{\"@type\":\"ReadAction\",\"target\":[\"http:\/\/hydraulitechs.com\/es\/mapa-del-sitio\/\"]}]},{\"@type\":\"BreadcrumbList\",\"@id\":\"http:\/\/hydraulitechs.com\/es\/mapa-del-sitio\/#breadcrumb\",\"itemListElement\":[{\"@type\":\"ListItem\",\"position\":1,\"name\":\"Home\",\"item\":\"https:\/\/hydraulitechs.com\/es\/\"},{\"@type\":\"ListItem\",\"position\":2,\"name\":\"Mapa del sitio\"}]},{\"@type\":\"WebSite\",\"@id\":\"http:\/\/hydraulitechs.com\/es\/#website\",\"url\":\"http:\/\/hydraulitechs.com\/es\/\",\"name\":\"Hydraulitechs | Hydraulic Service | Tube Honing Machine | Saskatoon SK\",\"description\":\"\",\"potentialAction\":[{\"@type\":\"SearchAction\",\"target\":{\"@type\":\"EntryPoint\",\"urlTemplate\":\"http:\/\/hydraulitechs.com\/es\/?s={search_term_string}\"},\"query-input\":{\"@type\":\"PropertyValueSpecification\",\"valueRequired\":true,\"valueName\":\"search_term_string\"}}],\"inLanguage\":\"es\"}]}<\/script>\n<!-- \/ Yoast SEO plugin. -->","yoast_head_json":{"title":"Mapa del sitio - Hydraulitechs | Hydraulic Service | Tube Honing Machine | Saskatoon SK","robots":{"index":"index","follow":"follow","max-snippet":"max-snippet:-1","max-image-preview":"max-image-preview:large","max-video-preview":"max-video-preview:-1"},"canonical":"http:\/\/hydraulitechs.com\/es\/mapa-del-sitio\/","og_locale":"es_ES","og_type":"article","og_title":"Mapa del sitio - Hydraulitechs | Hydraulic Service | Tube Honing Machine | Saskatoon SK","og_description":"Mapa del sitioInicio Sobre nosotros Todos los productos Nutbuster Bru\u00f1idora Pulidora de v\u00e1stagos Soporte de tornillo de cadena Banco de pruebas Contacto Pol\u00edtica de privacidad Solicite un presupuesto o env\u00edenos un mensaje","og_url":"http:\/\/hydraulitechs.com\/es\/mapa-del-sitio\/","og_site_name":"Hydraulitechs | Hydraulic Service | Tube Honing Machine | Saskatoon SK","article_modified_time":"2026-04-16T19:17:15+00:00","twitter_card":"summary_large_image","twitter_misc":{"Tiempo de lectura":"2 minutos"},"schema":{"@context":"https:\/\/schema.org","@graph":[{"@type":"WebPage","@id":"http:\/\/hydraulitechs.com\/es\/mapa-del-sitio\/","url":"http:\/\/hydraulitechs.com\/es\/mapa-del-sitio\/","name":"Mapa del sitio - Hydraulitechs | Hydraulic Service | Tube Honing Machine | Saskatoon SK","isPartOf":{"@id":"http:\/\/hydraulitechs.com\/es\/#website"},"datePublished":"2025-05-26T06:43:19+00:00","dateModified":"2026-04-16T19:17:15+00:00","breadcrumb":{"@id":"http:\/\/hydraulitechs.com\/es\/mapa-del-sitio\/#breadcrumb"},"inLanguage":"es","potentialAction":[{"@type":"ReadAction","target":["http:\/\/hydraulitechs.com\/es\/mapa-del-sitio\/"]}]},{"@type":"BreadcrumbList","@id":"http:\/\/hydraulitechs.com\/es\/mapa-del-sitio\/#breadcrumb","itemListElement":[{"@type":"ListItem","position":1,"name":"Home","item":"https:\/\/hydraulitechs.com\/es\/"},{"@type":"ListItem","position":2,"name":"Mapa del sitio"}]},{"@type":"WebSite","@id":"http:\/\/hydraulitechs.com\/es\/#website","url":"http:\/\/hydraulitechs.com\/es\/","name":"Hydraulitechs | Hydraulic Service | Tube Honing Machine | Saskatoon SK","description":"","potentialAction":[{"@type":"SearchAction","target":{"@type":"EntryPoint","urlTemplate":"http:\/\/hydraulitechs.com\/es\/?s={search_term_string}"},"query-input":{"@type":"PropertyValueSpecification","valueRequired":true,"valueName":"search_term_string"}}],"inLanguage":"es"}]}},"_links":{"self":[{"href":"http:\/\/hydraulitechs.com\/es\/wp-json\/wp\/v2\/pages\/52470","targetHints":{"allow":["GET"]}}],"collection":[{"href":"http:\/\/hydraulitechs.com\/es\/wp-json\/wp\/v2\/pages"}],"about":[{"href":"http:\/\/hydraulitechs.com\/es\/wp-json\/wp\/v2\/types\/page"}],"author":[{"embeddable":true,"href":"http:\/\/hydraulitechs.com\/es\/wp-json\/wp\/v2\/users\/4"}],"replies":[{"embeddable":true,"href":"http:\/\/hydraulitechs.com\/es\/wp-json\/wp\/v2\/comments?post=52470"}],"version-history":[{"count":4,"href":"http:\/\/hydraulitechs.com\/es\/wp-json\/wp\/v2\/pages\/52470\/revisions"}],"predecessor-version":[{"id":52476,"href":"http:\/\/hydraulitechs.com\/es\/wp-json\/wp\/v2\/pages\/52470\/revisions\/52476"}],"wp:attachment":[{"href":"http:\/\/hydraulitechs.com\/es\/wp-json\/wp\/v2\/media?parent=52470"}],"curies":[{"name":"wp","href":"https:\/\/api.w.org\/{rel}","templated":true}]}}