{"id":52509,"date":"2020-08-27T16:09:45","date_gmt":"2020-08-27T22:09:45","guid":{"rendered":"http:\/\/hydraulitechs.com\/sobre-nosotros\/"},"modified":"2026-04-16T13:18:35","modified_gmt":"2026-04-16T19:18:35","slug":"sobre-nosotros","status":"publish","type":"page","link":"http:\/\/hydraulitechs.com\/es\/sobre-nosotros\/","title":{"rendered":"Sobre nosotros"},"content":{"rendered":"<p>[et_pb_section fb_built=\u00bb1&#8243; _builder_version=\u00bb4.21.0&#8243; _module_preset=\u00bbdefault\u00bb background_color=\u00bb#093A63&#8243; background_image=\u00bbhttp:\/\/hydraulitechs.com\/wp-content\/uploads\/2023\/07\/secondary-page-header-v3.jpg\u00bb global_colors_info=\u00bb{}\u00bb][et_pb_row _builder_version=\u00bb4.21.0&#8243; _module_preset=\u00bbdefault\u00bb custom_padding=\u00bb||4px|||\u00bb global_colors_info=\u00bb{}\u00bb][et_pb_column type=\u00bb4_4&#8243; _builder_version=\u00bb4.21.0&#8243; _module_preset=\u00bbdefault\u00bb global_colors_info=\u00bb{}\u00bb][et_pb_text _builder_version=\u00bb4.21.0&#8243; _module_preset=\u00bbdefault\u00bb header_font=\u00bbRoboto|700||on|||||\u00bb header_text_color=\u00bb#FFFFFF\u00bb header_font_size=\u00bb76px\u00bb header_font_size_tablet=\u00bb76px\u00bb header_font_size_phone=\u00bb40px\u00bb header_font_size_last_edited=\u00bbon|phone\u00bb global_colors_info=\u00bb{}\u00bb]<\/p>\n<h1>Sobre nosotros<\/h1>\n<p>[\/et_pb_text][\/et_pb_column][\/et_pb_row][\/et_pb_section][et_pb_section fb_built=\u00bb1&#8243; _builder_version=\u00bb4.21.0&#8243; _module_preset=\u00bbdefault\u00bb custom_padding=\u00bb||37px|||\u00bb global_colors_info=\u00bb{}\u00bb][et_pb_row column_structure=\u00bb1_2,1_2&#8243; _builder_version=\u00bb4.21.0&#8243; _module_preset=\u00bbdefault\u00bb global_colors_info=\u00bb{}\u00bb][et_pb_column type=\u00bb1_2&#8243; _builder_version=\u00bb4.21.0&#8243; _module_preset=\u00bbdefault\u00bb global_colors_info=\u00bb{}\u00bb][et_pb_text _builder_version=\u00bb4.21.0&#8243; _module_preset=\u00bbdefault\u00bb header_font=\u00bb|||on|||||\u00bb header_2_font=\u00bbRoboto|||on|||||\u00bb custom_margin=\u00bb||25px|||\u00bb global_colors_info=\u00bb{}\u00bb]<\/p>\n<h2>Nuestra historia<\/h2>\n<p>[\/et_pb_text][et_pb_divider divider_weight=\u00bb3px\u00bb _builder_version=\u00bb4.21.0&#8243; _module_preset=\u00bbdefault\u00bb width=\u00bb20%\u00bb custom_margin=\u00bb||10px|||\u00bb global_colors_info=\u00bb{}\u00bb][\/et_pb_divider][et_pb_text _builder_version=\u00bb4.21.0&#8243; _module_preset=\u00bbdefault\u00bb text_font=\u00bb|300|||||||\u00bb text_text_color=\u00bb#000000&#8243; global_colors_info=\u00bb{}\u00bb]<\/p>\n<p>Hydraulitechs es una empresa innovadora de dise\u00f1o y montaje especializada en la producci\u00f3n de sistemas hidr\u00e1ulicos. Nos enorgullece asociarnos con <a href=\"https:\/\/www.mikeshydraulics.ca\/\">Mike\u2019s Hydraulics<\/a>, que cuenta con m\u00e1s de 20 a\u00f1os de experiencia en la industria. Adem\u00e1s, nuestros ingenieros tienen una amplia experiencia en dise\u00f1o de maquinaria e hidr\u00e1ulica, lo que nos permite ofrecer productos eficientes, efectivos y f\u00e1ciles de usar.  <\/p>\n<p>&nbsp;<\/p>\n<p>[\/et_pb_text][et_pb_text _builder_version=\u00bb4.21.0&#8243; _module_preset=\u00bbdefault\u00bb header_font=\u00bb|||on|||||\u00bb header_2_font=\u00bbRoboto|||on|||||\u00bb custom_margin=\u00bb||25px|||\u00bb locked=\u00bboff\u00bb global_colors_info=\u00bb{}\u00bb]<\/p>\n<h2>Inversi\u00f3n<\/h2>\n<p>[\/et_pb_text][et_pb_divider divider_weight=\u00bb3px\u00bb _builder_version=\u00bb4.21.0&#8243; _module_preset=\u00bbdefault\u00bb width=\u00bb20%\u00bb custom_margin=\u00bb||10px|||\u00bb locked=\u00bboff\u00bb global_colors_info=\u00bb{}\u00bb][\/et_pb_divider][et_pb_text _builder_version=\u00bb4.21.0&#8243; _module_preset=\u00bbdefault\u00bb text_font=\u00bb|300|||||||\u00bb text_text_color=\u00bb#000000&#8243; link_text_color=\u00bb#DCA32F\u00bb locked=\u00bboff\u00bb global_colors_info=\u00bb{}\u00bb]Ofrezca un valor incre\u00edble a cualquier taller con la incorporaci\u00f3n del <a href=\"http:\/\/hydraulitechs.com\/hydraulic-machine-shop-products\/nutbuster-hydraulic-cylinder-repair-disassembly-bench\/\">Nutbuster\u2122<\/a>, la <a href=\"http:\/\/hydraulitechs.com\/hydraulic-machine-shop-products\/honing-machine\/\">M\u00e1quina de Bru\u00f1ido Autom\u00e1tico<\/a>, el <a href=\"http:\/\/hydraulitechs.com\/es\/productos\/pulidora-de-vastagos\/\">Pulidor de Varillas<\/a> y el <a href=\"http:\/\/hydraulitechs.com\/hydraulic-machine-shop-products\/test-rig\/\">Banco de Pruebas<\/a>. Las construcciones flexibles y los precios asequibles aumentar\u00e1n significativamente su retorno de la inversi\u00f3n.[\/et_pb_text][\/et_pb_column][et_pb_column type=\u00bb1_2&#8243; _builder_version=\u00bb4.21.0&#8243; _module_preset=\u00bbdefault\u00bb global_colors_info=\u00bb{}\u00bb][et_pb_text _builder_version=\u00bb4.21.0&#8243; _module_preset=\u00bbdefault\u00bb header_font=\u00bb|||on|||||\u00bb header_2_font=\u00bbRoboto|||on|||||\u00bb custom_margin=\u00bb||25px|||\u00bb locked=\u00bboff\u00bb global_colors_info=\u00bb{}\u00bb]<\/p>\n<h2>Por qu\u00e9 elegirnos<\/h2>\n<p>[\/et_pb_text][et_pb_divider divider_weight=\u00bb3px\u00bb _builder_version=\u00bb4.21.0&#8243; _module_preset=\u00bbdefault\u00bb width=\u00bb20%\u00bb custom_margin=\u00bb||10px|||\u00bb locked=\u00bboff\u00bb global_colors_info=\u00bb{}\u00bb][\/et_pb_divider][et_pb_text _builder_version=\u00bb4.21.0&#8243; _module_preset=\u00bbdefault\u00bb text_font=\u00bb|300|||||||\u00bb text_text_color=\u00bb#000000&#8243; locked=\u00bboff\u00bb global_colors_info=\u00bb{}\u00bb]<\/p>\n<h3>Precio flexible y asequible<\/h3>\n<p>Talleres hidr\u00e1ulicos de cualquier tipo pueden permitirse adquirir nuestras m\u00e1quinas. Por ejemplo, ofrecemos programas y precios flexibles para satisfacer las necesidades de cualquier negocio. <\/p>\n<p>[\/et_pb_text][et_pb_text _builder_version=\u00bb4.21.0&#8243; _module_preset=\u00bbdefault\u00bb text_font=\u00bb|300|||||||\u00bb text_text_color=\u00bb#000000&#8243; locked=\u00bboff\u00bb global_colors_info=\u00bb{}\u00bb]<\/p>\n<h3>Garant\u00eda y responsabilidad<\/h3>\n<p>Ninguna venta es definitiva hasta que est\u00e9 completamente satisfecho. Sobre todo, nuestro compromiso es ayudar a nuestros clientes con cualquier modificaci\u00f3n, nuevas herramientas y reparaciones. <\/p>\n<p>[\/et_pb_text][et_pb_text _builder_version=\u00bb4.21.0&#8243; _module_preset=\u00bbdefault\u00bb text_font=\u00bb|300|||||||\u00bb text_text_color=\u00bb#000000&#8243; locked=\u00bboff\u00bb global_colors_info=\u00bb{}\u00bb]<\/p>\n<h3>Ingenier\u00eda y dise\u00f1o hidr\u00e1ulico<\/h3>\n<p>Sin duda, nuestras m\u00e1quinas est\u00e1n dise\u00f1adas para satisfacer las necesidades de su taller. Prometemos un uso duradero gracias a la tecnolog\u00eda de vanguardia y a los componentes de alta calidad. <\/p>\n<p>[\/et_pb_text][\/et_pb_column][\/et_pb_row][\/et_pb_section][et_pb_section fb_built=\u00bb1&#8243; _builder_version=\u00bb4.21.0&#8243; _module_preset=\u00bbdefault\u00bb background_color=\u00bb#093A63&#8243; global_colors_info=\u00bb{}\u00bb][et_pb_row column_structure=\u00bb1_2,1_2&#8243; _builder_version=\u00bb4.21.0&#8243; _module_preset=\u00bbdefault\u00bb global_colors_info=\u00bb{}\u00bb][et_pb_column type=\u00bb1_2&#8243; _builder_version=\u00bb4.21.0&#8243; _module_preset=\u00bbdefault\u00bb global_colors_info=\u00bb{}\u00bb][et_pb_image src=\u00bbhttp:\/\/hydraulitechs.com\/wp-content\/uploads\/2023\/07\/IMG-1011.jpg\u00bb alt=\u00bbNutbuster\u00bb title_text=\u00bbNutbuster\u00bb show_in_lightbox=\u00bbon\u00bb _builder_version=\u00bb4.21.0&#8243; _module_preset=\u00bbdefault\u00bb global_colors_info=\u00bb{}\u00bb][\/et_pb_image][\/et_pb_column][et_pb_column type=\u00bb1_2&#8243; _builder_version=\u00bb4.21.0&#8243; _module_preset=\u00bbdefault\u00bb global_colors_info=\u00bb{}\u00bb][et_pb_image src=\u00bbhttp:\/\/hydraulitechs.com\/wp-content\/uploads\/2023\/07\/IMG-1013.jpg\u00bb alt=\u00bbNutbuster\u00bb title_text=\u00bbNutbuster\u00bb show_in_lightbox=\u00bbon\u00bb _builder_version=\u00bb4.21.0&#8243; _module_preset=\u00bbdefault\u00bb locked=\u00bboff\u00bb global_colors_info=\u00bb{}\u00bb][\/et_pb_image][\/et_pb_column][\/et_pb_row][\/et_pb_section][et_pb_section fb_built=\u00bb1&#8243; _builder_version=\u00bb4.21.0&#8243; _module_preset=\u00bbdefault\u00bb global_colors_info=\u00bb{}\u00bb][et_pb_row _builder_version=\u00bb4.21.0&#8243; _module_preset=\u00bbdefault\u00bb global_colors_info=\u00bb{}\u00bb][et_pb_column type=\u00bb4_4&#8243; _builder_version=\u00bb4.21.0&#8243; _module_preset=\u00bbdefault\u00bb global_colors_info=\u00bb{}\u00bb][et_pb_text _builder_version=\u00bb4.21.0&#8243; _module_preset=\u00bbdefault\u00bb header_2_font=\u00bbRoboto|||on|||||\u00bb header_2_text_align=\u00bbcenter\u00bb header_2_text_color=\u00bb#093A63&#8243; global_colors_info=\u00bb{}\u00bb]<\/p>\n<h2>Nuestro equipo <br \/><span style=\"font-size:22px\">Qui\u00e9nes somos<\/span><\/h2>\n<p>[\/et_pb_text][\/et_pb_column][\/et_pb_row][et_pb_row column_structure=\u00bb1_4,1_2,1_4&#8243; make_equal=\u00bbon\u00bb _builder_version=\u00bb4.21.0&#8243; _module_preset=\u00bbdefault\u00bb custom_css_main_element=\u00bbalign-items:center;\u00bb global_colors_info=\u00bb{}\u00bb][et_pb_column type=\u00bb1_4&#8243; _builder_version=\u00bb4.21.0&#8243; _module_preset=\u00bbdefault\u00bb global_colors_info=\u00bb{}\u00bb][et_pb_team_member name=\u00bbAbe Eazadi\u00bb position=\u00bbIngenier\u00eda Mec\u00e1nica (EIT), Gerente de Marketing y Ventas\u00bb image_url=\u00bbhttp:\/\/hydraulitechs.com\/wp-content\/uploads\/2023\/07\/eazadi-1-1024&#215;1024-1.jpg\u00bb icon_color=\u00bb#093A63&#8243; _builder_version=\u00bb4.21.0&#8243; header_font=\u00bbAllerta|600||on|||||\u00bb header_text_color=\u00bb#000000&#8243; header_font_size=\u00bb19px\u00bb body_font=\u00bb||||||||\u00bb body_text_color=\u00bb#000000&#8243; position_text_color=\u00bb#000000&#8243; text_orientation=\u00bbcenter\u00bb background_layout=\u00bbdark\u00bb width=\u00bb65%\u00bb module_alignment=\u00bbcenter\u00bb custom_margin=\u00bb-27px|9px|26px|276px||\u00bb custom_margin_tablet=\u00bb0px|0px||0px|false|false\u00bb custom_margin_phone=\u00bb|||121px\u00bb custom_margin_last_edited=\u00bbon|phone\u00bb custom_padding=\u00bb0px||||false|false\u00bb link_option_url_new_window=\u00bbon\u00bb custom_css_member_image=\u00bbmargin:auto;\u00bb custom_css_member_description=\u00bbmargin-top:20px;\u00bb border_color_all=\u00bb#000000&#8243; border_radii_image=\u00bboff||||\u00bb border_width_all_image=\u00bb1px\u00bb border_color_all_image=\u00bbrgba(0,0,0,0.29)\u00bb locked=\u00bboff\u00bb global_colors_info=\u00bb{}\u00bb][\/et_pb_team_member][et_pb_social_media_follow use_icon_font_size=\u00bbon\u00bb icon_font_size=\u00bb22px\u00bb _builder_version=\u00bb4.27.2&#8243; _module_preset=\u00bbdefault\u00bb text_orientation=\u00bbcenter\u00bb global_colors_info=\u00bb{}\u00bb][et_pb_social_media_follow_network social_network=\u00bblinkedin\u00bb url=\u00bbhttps:\/\/www.linkedin.com\/in\/abe-eazadi-88b2021ba\/\u00bb icon_color=\u00bb#093A63&#8243; _builder_version=\u00bb4.27.2&#8243; _module_preset=\u00bbdefault\u00bb background_color=\u00bb#FFFFFF\u00bb background_enable_color=\u00bbon\u00bb global_colors_info=\u00bb{}\u00bb follow_button=\u00bboff\u00bb url_new_window=\u00bbon\u00bb]linkedin[\/et_pb_social_media_follow_network][\/et_pb_social_media_follow][\/et_pb_column][et_pb_column type=\u00bb1_2&#8243; _builder_version=\u00bb4.21.0&#8243; _module_preset=\u00bbdefault\u00bb global_colors_info=\u00bb{}\u00bb][et_pb_image src=\u00bbhttp:\/\/hydraulitechs.com\/wp-content\/uploads\/2023\/07\/Mikeshydraulics-min.jpg\u00bb alt=\u00bbHydraulitechs Saskatoon Canad\u00e1\u00bb title_text=\u00bbHydraulitechs Saskatoon Canad\u00e1\u00bb _builder_version=\u00bb4.21.0&#8243; _module_preset=\u00bbdefault\u00bb global_colors_info=\u00bb{}\u00bb][\/et_pb_image][\/et_pb_column][et_pb_column type=\u00bb1_4&#8243; _builder_version=\u00bb4.21.0&#8243; _module_preset=\u00bbdefault\u00bb global_colors_info=\u00bb{}\u00bb][et_pb_team_member name=\u00bbAbes E.Lotij\u00bb position=\u00bbIngenier\u00eda Mec\u00e1nica (EIT), I+D, Gerente T\u00e9cnico\u00bb image_url=\u00bbhttp:\/\/hydraulitechs.com\/wp-content\/uploads\/2023\/07\/Lotij.png\u00bb icon_color=\u00bb#093A63&#8243; _builder_version=\u00bb4.21.0&#8243; header_font=\u00bbAllerta|600||on|||||\u00bb header_text_color=\u00bb#000000&#8243; header_font_size=\u00bb19px\u00bb body_font=\u00bb||||||||\u00bb body_text_color=\u00bb#000000&#8243; position_text_color=\u00bb#000000&#8243; text_orientation=\u00bbcenter\u00bb background_layout=\u00bbdark\u00bb width=\u00bb65%\u00bb module_alignment=\u00bbcenter\u00bb custom_margin=\u00bb-27px|9px||276px\u00bb custom_margin_tablet=\u00bb0px|0px||0px|false|false\u00bb custom_margin_phone=\u00bb|||121px\u00bb custom_margin_last_edited=\u00bbon|phone\u00bb custom_padding=\u00bb0px||||false|false\u00bb custom_css_member_image=\u00bbmargin:auto;\u00bb custom_css_member_description=\u00bbmargin-top:20px;\u00bb border_color_all=\u00bb#000000&#8243; border_radii_image=\u00bboff||||\u00bb border_width_all_image=\u00bb1px\u00bb border_color_all_image=\u00bbrgba(0,0,0,0.29)\u00bb locked=\u00bboff\u00bb global_colors_info=\u00bb{}\u00bb][\/et_pb_team_member][et_pb_social_media_follow use_icon_font_size=\u00bbon\u00bb icon_font_size=\u00bb22px\u00bb _builder_version=\u00bb4.21.0&#8243; _module_preset=\u00bbdefault\u00bb text_orientation=\u00bbcenter\u00bb locked=\u00bboff\u00bb global_colors_info=\u00bb{}\u00bb][et_pb_social_media_follow_network social_network=\u00bblinkedin\u00bb url=\u00bbhttps:\/\/www.linkedin.com\/in\/abes-e-lotij-eit-a8a32878\/\u00bb icon_color=\u00bb#093A63&#8243; _builder_version=\u00bb4.21.0&#8243; _module_preset=\u00bbdefault\u00bb background_color=\u00bb#FFFFFF\u00bb background_enable_color=\u00bbon\u00bb global_colors_info=\u00bb{}\u00bb follow_button=\u00bboff\u00bb url_new_window=\u00bbon\u00bb]linkedin[\/et_pb_social_media_follow_network][\/et_pb_social_media_follow][\/et_pb_column][\/et_pb_row][\/et_pb_section]<\/p>\n","protected":false},"excerpt":{"rendered":"<p>Sobre nosotrosNuestra historiaHydraulitechs es una empresa innovadora de dise\u00f1o y montaje especializada en la producci\u00f3n de sistemas hidr\u00e1ulicos. Nos enorgullece asociarnos con Mike\u2019s Hydraulics, que cuenta con m\u00e1s de 20 a\u00f1os de experiencia en la industria. Adem\u00e1s, nuestros ingenieros tienen una amplia experiencia en dise\u00f1o de maquinaria e hidr\u00e1ulica, lo que nos permite ofrecer productos [&hellip;]<\/p>\n","protected":false},"author":1,"featured_media":0,"parent":0,"menu_order":0,"comment_status":"closed","ping_status":"closed","template":"","meta":{"_acf_changed":false,"_et_pb_use_builder":"on","_et_pb_old_content":"","_et_gb_content_width":"","footnotes":""},"class_list":["post-52509","page","type-page","status-publish","hentry"],"acf":[],"yoast_head":"<!-- This site is optimized with the Yoast SEO plugin v26.5 - https:\/\/yoast.com\/wordpress\/plugins\/seo\/ -->\n<title>Sobre nosotros - Hydraulitechs | Hydraulic Service | Tube Honing Machine | Saskatoon SK<\/title>\n<meta name=\"description\" content=\"Hydraulitechs es su referente para el dise\u00f1o y montaje innovador de sistemas hidr\u00e1ulicos. Con una orgullosa asociaci\u00f3n con Mike\u2019s Hydraulics, respaldada por m\u00e1s de 20 a\u00f1os de experiencia en la industria, y un equipo de ingenieros cualificados en dise\u00f1o de maquinaria e hidr\u00e1ulica, creamos productos eficientes, efectivos y f\u00e1ciles de usar. Maximice el valor con nuestras ofertas. Mejore cualquier taller con el Nutbuster\u2122, la M\u00e1quina de Bru\u00f1ido Autom\u00e1tico, el Pulidor de Varillas y el Banco de Pruebas. Nuestras construcciones flexibles y precios asequibles garantizan un retorno sustancial de su inversi\u00f3n.\" \/>\n<meta name=\"robots\" content=\"index, follow, max-snippet:-1, max-image-preview:large, max-video-preview:-1\" \/>\n<link rel=\"canonical\" href=\"http:\/\/hydraulitechs.com\/es\/sobre-nosotros\/\" \/>\n<meta property=\"og:locale\" content=\"es_ES\" \/>\n<meta property=\"og:type\" content=\"article\" \/>\n<meta property=\"og:title\" content=\"Sobre nosotros - Hydraulitechs | Hydraulic Service | Tube Honing Machine | Saskatoon SK\" \/>\n<meta property=\"og:description\" content=\"Hydraulitechs es su referente para el dise\u00f1o y montaje innovador de sistemas hidr\u00e1ulicos. Con una orgullosa asociaci\u00f3n con Mike\u2019s Hydraulics, respaldada por m\u00e1s de 20 a\u00f1os de experiencia en la industria, y un equipo de ingenieros cualificados en dise\u00f1o de maquinaria e hidr\u00e1ulica, creamos productos eficientes, efectivos y f\u00e1ciles de usar. Maximice el valor con nuestras ofertas. Mejore cualquier taller con el Nutbuster\u2122, la M\u00e1quina de Bru\u00f1ido Autom\u00e1tico, el Pulidor de Varillas y el Banco de Pruebas. Nuestras construcciones flexibles y precios asequibles garantizan un retorno sustancial de su inversi\u00f3n.\" \/>\n<meta property=\"og:url\" content=\"http:\/\/hydraulitechs.com\/es\/sobre-nosotros\/\" \/>\n<meta property=\"og:site_name\" content=\"Hydraulitechs | Hydraulic Service | Tube Honing Machine | Saskatoon SK\" \/>\n<meta property=\"article:modified_time\" content=\"2026-04-16T19:18:35+00:00\" \/>\n<meta name=\"twitter:card\" content=\"summary_large_image\" \/>\n<meta name=\"twitter:label1\" content=\"Tiempo de lectura\" \/>\n\t<meta name=\"twitter:data1\" content=\"7 minutos\" \/>\n<script type=\"application\/ld+json\" class=\"yoast-schema-graph\">{\"@context\":\"https:\/\/schema.org\",\"@graph\":[{\"@type\":\"WebPage\",\"@id\":\"http:\/\/hydraulitechs.com\/es\/sobre-nosotros\/\",\"url\":\"http:\/\/hydraulitechs.com\/es\/sobre-nosotros\/\",\"name\":\"Sobre nosotros - Hydraulitechs | Hydraulic Service | Tube Honing Machine | Saskatoon SK\",\"isPartOf\":{\"@id\":\"http:\/\/hydraulitechs.com\/es\/#website\"},\"datePublished\":\"2020-08-27T22:09:45+00:00\",\"dateModified\":\"2026-04-16T19:18:35+00:00\",\"description\":\"Hydraulitechs es su referente para el dise\u00f1o y montaje innovador de sistemas hidr\u00e1ulicos. Con una orgullosa asociaci\u00f3n con Mike\u2019s Hydraulics, respaldada por m\u00e1s de 20 a\u00f1os de experiencia en la industria, y un equipo de ingenieros cualificados en dise\u00f1o de maquinaria e hidr\u00e1ulica, creamos productos eficientes, efectivos y f\u00e1ciles de usar. Maximice el valor con nuestras ofertas. Mejore cualquier taller con el Nutbuster\u2122, la M\u00e1quina de Bru\u00f1ido Autom\u00e1tico, el Pulidor de Varillas y el Banco de Pruebas. Nuestras construcciones flexibles y precios asequibles garantizan un retorno sustancial de su inversi\u00f3n.\",\"breadcrumb\":{\"@id\":\"http:\/\/hydraulitechs.com\/es\/sobre-nosotros\/#breadcrumb\"},\"inLanguage\":\"es\",\"potentialAction\":[{\"@type\":\"ReadAction\",\"target\":[\"http:\/\/hydraulitechs.com\/es\/sobre-nosotros\/\"]}]},{\"@type\":\"BreadcrumbList\",\"@id\":\"http:\/\/hydraulitechs.com\/es\/sobre-nosotros\/#breadcrumb\",\"itemListElement\":[{\"@type\":\"ListItem\",\"position\":1,\"name\":\"Home\",\"item\":\"https:\/\/hydraulitechs.com\/es\/\"},{\"@type\":\"ListItem\",\"position\":2,\"name\":\"Sobre nosotros\"}]},{\"@type\":\"WebSite\",\"@id\":\"http:\/\/hydraulitechs.com\/es\/#website\",\"url\":\"http:\/\/hydraulitechs.com\/es\/\",\"name\":\"Hydraulitechs | Hydraulic Service | Tube Honing Machine | Saskatoon SK\",\"description\":\"\",\"potentialAction\":[{\"@type\":\"SearchAction\",\"target\":{\"@type\":\"EntryPoint\",\"urlTemplate\":\"http:\/\/hydraulitechs.com\/es\/?s={search_term_string}\"},\"query-input\":{\"@type\":\"PropertyValueSpecification\",\"valueRequired\":true,\"valueName\":\"search_term_string\"}}],\"inLanguage\":\"es\"}]}<\/script>\n<!-- \/ Yoast SEO plugin. -->","yoast_head_json":{"title":"Sobre nosotros - Hydraulitechs | Hydraulic Service | Tube Honing Machine | Saskatoon SK","description":"Hydraulitechs es su referente para el dise\u00f1o y montaje innovador de sistemas hidr\u00e1ulicos. Con una orgullosa asociaci\u00f3n con Mike\u2019s Hydraulics, respaldada por m\u00e1s de 20 a\u00f1os de experiencia en la industria, y un equipo de ingenieros cualificados en dise\u00f1o de maquinaria e hidr\u00e1ulica, creamos productos eficientes, efectivos y f\u00e1ciles de usar. Maximice el valor con nuestras ofertas. Mejore cualquier taller con el Nutbuster\u2122, la M\u00e1quina de Bru\u00f1ido Autom\u00e1tico, el Pulidor de Varillas y el Banco de Pruebas. Nuestras construcciones flexibles y precios asequibles garantizan un retorno sustancial de su inversi\u00f3n.","robots":{"index":"index","follow":"follow","max-snippet":"max-snippet:-1","max-image-preview":"max-image-preview:large","max-video-preview":"max-video-preview:-1"},"canonical":"http:\/\/hydraulitechs.com\/es\/sobre-nosotros\/","og_locale":"es_ES","og_type":"article","og_title":"Sobre nosotros - Hydraulitechs | Hydraulic Service | Tube Honing Machine | Saskatoon SK","og_description":"Hydraulitechs es su referente para el dise\u00f1o y montaje innovador de sistemas hidr\u00e1ulicos. Con una orgullosa asociaci\u00f3n con Mike\u2019s Hydraulics, respaldada por m\u00e1s de 20 a\u00f1os de experiencia en la industria, y un equipo de ingenieros cualificados en dise\u00f1o de maquinaria e hidr\u00e1ulica, creamos productos eficientes, efectivos y f\u00e1ciles de usar. Maximice el valor con nuestras ofertas. Mejore cualquier taller con el Nutbuster\u2122, la M\u00e1quina de Bru\u00f1ido Autom\u00e1tico, el Pulidor de Varillas y el Banco de Pruebas. Nuestras construcciones flexibles y precios asequibles garantizan un retorno sustancial de su inversi\u00f3n.","og_url":"http:\/\/hydraulitechs.com\/es\/sobre-nosotros\/","og_site_name":"Hydraulitechs | Hydraulic Service | Tube Honing Machine | Saskatoon SK","article_modified_time":"2026-04-16T19:18:35+00:00","twitter_card":"summary_large_image","twitter_misc":{"Tiempo de lectura":"7 minutos"},"schema":{"@context":"https:\/\/schema.org","@graph":[{"@type":"WebPage","@id":"http:\/\/hydraulitechs.com\/es\/sobre-nosotros\/","url":"http:\/\/hydraulitechs.com\/es\/sobre-nosotros\/","name":"Sobre nosotros - Hydraulitechs | Hydraulic Service | Tube Honing Machine | Saskatoon SK","isPartOf":{"@id":"http:\/\/hydraulitechs.com\/es\/#website"},"datePublished":"2020-08-27T22:09:45+00:00","dateModified":"2026-04-16T19:18:35+00:00","description":"Hydraulitechs es su referente para el dise\u00f1o y montaje innovador de sistemas hidr\u00e1ulicos. Con una orgullosa asociaci\u00f3n con Mike\u2019s Hydraulics, respaldada por m\u00e1s de 20 a\u00f1os de experiencia en la industria, y un equipo de ingenieros cualificados en dise\u00f1o de maquinaria e hidr\u00e1ulica, creamos productos eficientes, efectivos y f\u00e1ciles de usar. Maximice el valor con nuestras ofertas. Mejore cualquier taller con el Nutbuster\u2122, la M\u00e1quina de Bru\u00f1ido Autom\u00e1tico, el Pulidor de Varillas y el Banco de Pruebas. Nuestras construcciones flexibles y precios asequibles garantizan un retorno sustancial de su inversi\u00f3n.","breadcrumb":{"@id":"http:\/\/hydraulitechs.com\/es\/sobre-nosotros\/#breadcrumb"},"inLanguage":"es","potentialAction":[{"@type":"ReadAction","target":["http:\/\/hydraulitechs.com\/es\/sobre-nosotros\/"]}]},{"@type":"BreadcrumbList","@id":"http:\/\/hydraulitechs.com\/es\/sobre-nosotros\/#breadcrumb","itemListElement":[{"@type":"ListItem","position":1,"name":"Home","item":"https:\/\/hydraulitechs.com\/es\/"},{"@type":"ListItem","position":2,"name":"Sobre nosotros"}]},{"@type":"WebSite","@id":"http:\/\/hydraulitechs.com\/es\/#website","url":"http:\/\/hydraulitechs.com\/es\/","name":"Hydraulitechs | Hydraulic Service | Tube Honing Machine | Saskatoon SK","description":"","potentialAction":[{"@type":"SearchAction","target":{"@type":"EntryPoint","urlTemplate":"http:\/\/hydraulitechs.com\/es\/?s={search_term_string}"},"query-input":{"@type":"PropertyValueSpecification","valueRequired":true,"valueName":"search_term_string"}}],"inLanguage":"es"}]}},"_links":{"self":[{"href":"http:\/\/hydraulitechs.com\/es\/wp-json\/wp\/v2\/pages\/52509","targetHints":{"allow":["GET"]}}],"collection":[{"href":"http:\/\/hydraulitechs.com\/es\/wp-json\/wp\/v2\/pages"}],"about":[{"href":"http:\/\/hydraulitechs.com\/es\/wp-json\/wp\/v2\/types\/page"}],"author":[{"embeddable":true,"href":"http:\/\/hydraulitechs.com\/es\/wp-json\/wp\/v2\/users\/1"}],"replies":[{"embeddable":true,"href":"http:\/\/hydraulitechs.com\/es\/wp-json\/wp\/v2\/comments?post=52509"}],"version-history":[{"count":2,"href":"http:\/\/hydraulitechs.com\/es\/wp-json\/wp\/v2\/pages\/52509\/revisions"}],"predecessor-version":[{"id":52513,"href":"http:\/\/hydraulitechs.com\/es\/wp-json\/wp\/v2\/pages\/52509\/revisions\/52513"}],"wp:attachment":[{"href":"http:\/\/hydraulitechs.com\/es\/wp-json\/wp\/v2\/media?parent=52509"}],"curies":[{"name":"wp","href":"https:\/\/api.w.org\/{rel}","templated":true}]}}