{"id":52514,"date":"2022-04-20T15:50:44","date_gmt":"2022-04-20T21:50:44","guid":{"rendered":"http:\/\/hydraulitechs.com\/productos\/soporte-de-tornillo-de-cadena\/"},"modified":"2026-04-16T13:19:07","modified_gmt":"2026-04-16T19:19:07","slug":"soporte-de-tornillo-de-cadena","status":"publish","type":"page","link":"http:\/\/hydraulitechs.com\/es\/productos\/soporte-de-tornillo-de-cadena\/","title":{"rendered":"Soporte de tornillo de cadena"},"content":{"rendered":"<p>[et_pb_section fb_built=\u00bb1&#8243; _builder_version=\u00bb4.21.0&#8243; _module_preset=\u00bbdefault\u00bb background_color=\u00bb#093A63&#8243; background_image=\u00bbhttp:\/\/hydraulitechs.com\/wp-content\/uploads\/2023\/07\/secondary-page-header-v3.jpg\u00bb global_colors_info=\u00bb{}\u00bb][et_pb_row _builder_version=\u00bb4.21.0&#8243; _module_preset=\u00bbdefault\u00bb custom_padding=\u00bb||4px|||\u00bb global_colors_info=\u00bb{}\u00bb][et_pb_column type=\u00bb4_4&#8243; _builder_version=\u00bb4.21.0&#8243; _module_preset=\u00bbdefault\u00bb global_colors_info=\u00bb{}\u00bb][et_pb_text _builder_version=\u00bb4.24.2&#8243; _module_preset=\u00bbdefault\u00bb header_font=\u00bbRoboto|700||on|||||\u00bb header_text_color=\u00bb#FFFFFF\u00bb header_font_size=\u00bb76px\u00bb header_font_size_tablet=\u00bb76px\u00bb header_font_size_phone=\u00bb40px\u00bb header_font_size_last_edited=\u00bbon|phone\u00bb global_colors_info=\u00bb{}\u00bb]<\/p>\n<h1>Soporte de tornillo de cadena y BANDEJA DE ACEITE<br \/><span style=\"font-size: .6em;\">para el montaje de cilindros hidr\u00e1ulicos<\/span><\/h1>\n<p>[\/et_pb_text][\/et_pb_column][\/et_pb_row][\/et_pb_section][et_pb_section fb_built=\u00bb1&#8243; _builder_version=\u00bb4.21.0&#8243; _module_preset=\u00bbdefault\u00bb custom_padding=\u00bb||0px|||\u00bb global_colors_info=\u00bb{}\u00bb][et_pb_row column_structure=\u00bb1_2,1_2&#8243; _builder_version=\u00bb4.21.0&#8243; _module_preset=\u00bbdefault\u00bb custom_padding=\u00bb||0px|||\u00bb global_colors_info=\u00bb{}\u00bb][et_pb_column type=\u00bb1_2&#8243; _builder_version=\u00bb4.21.0&#8243; _module_preset=\u00bbdefault\u00bb global_colors_info=\u00bb{}\u00bb][et_pb_text _builder_version=\u00bb4.21.0&#8243; _module_preset=\u00bbdefault\u00bb global_colors_info=\u00bb{}\u00bb]<\/p>\n<h2>Soporte de tornillo de cadena de alta resistencia<br \/>CH-S20<\/h2>\n<p>[\/et_pb_text][et_pb_divider divider_weight=\u00bb2px\u00bb _builder_version=\u00bb4.21.0&#8243; _module_preset=\u00bbdefault\u00bb width=\u00bb20%\u00bb custom_margin=\u00bb||21px|||\u00bb global_colors_info=\u00bb{}\u00bb][\/et_pb_divider][et_pb_text _builder_version=\u00bb4.21.0&#8243; _module_preset=\u00bbdefault\u00bb text_font=\u00bb|300|||||||\u00bb text_text_color=\u00bb#000000&#8243; global_colors_info=\u00bb{}\u00bb]<\/p>\n<p>\nEl tornillo de cadena de alta resistencia est\u00e1 dise\u00f1ado para asegurar y sujetar cilindros hidr\u00e1ulicos para los procesos de desmontaje y montaje en talleres hidr\u00e1ulicos.<\/p>\n<p>[\/et_pb_text][et_pb_text _builder_version=\u00bb4.21.0&#8243; _module_preset=\u00bbdefault\u00bb global_colors_info=\u00bb{}\u00bb]<\/p>\n<h5>\u00a1Una herramienta de f\u00e1cil configuraci\u00f3n para su taller que le permitir\u00e1 ahorrar tiempo y energ\u00eda! O actualice su taller con un juego completo de Nutbuster y accesorios. <\/h5>\n<p>[\/et_pb_text][\/et_pb_column][et_pb_column type=\u00bb1_2&#8243; _builder_version=\u00bb4.21.0&#8243; _module_preset=\u00bbdefault\u00bb global_colors_info=\u00bb{}\u00bb][et_pb_image src=\u00bbhttp:\/\/hydraulitechs.com\/wp-content\/uploads\/2023\/07\/hydraulitechs-product-chain-vise-stand.jpg\u00bb alt=\u00bbSoporte de tornillo de cadena\u00bb title_text=\u00bbSoporte de tornillo de cadena\u00bb align=\u00bbcenter\u00bb force_fullwidth=\u00bbon\u00bb _builder_version=\u00bb4.21.0&#8243; _module_preset=\u00bbdefault\u00bb custom_margin=\u00bb||21px|||\u00bb global_colors_info=\u00bb{}\u00bb][\/et_pb_image][\/et_pb_column][\/et_pb_row][\/et_pb_section][et_pb_section fb_built=\u00bb1&#8243; _builder_version=\u00bb4.21.0&#8243; _module_preset=\u00bbdefault\u00bb background_color=\u00bbrgba(9,58,99,0.1)\u00bb custom_margin=\u00bb-139px|||||\u00bb custom_padding=\u00bb138px|||||\u00bb global_colors_info=\u00bb{}\u00bb][et_pb_row column_structure=\u00bb1_2,1_2&#8243; _builder_version=\u00bb4.21.0&#8243; _module_preset=\u00bbdefault\u00bb custom_margin=\u00bb28px|auto||auto||\u00bb global_colors_info=\u00bb{}\u00bb][et_pb_column type=\u00bb1_2&#8243; _builder_version=\u00bb4.21.0&#8243; _module_preset=\u00bbdefault\u00bb background_color=\u00bb#DCA32F\u00bb global_colors_info=\u00bb{}\u00bb][et_pb_text _builder_version=\u00bb4.21.0&#8243; _module_preset=\u00bbdefault\u00bb text_text_color=\u00bb#FFFFFF\u00bb header_text_color=\u00bb#FFFFFF\u00bb header_2_font=\u00bb|||on|||||\u00bb header_2_text_align=\u00bbcenter\u00bb header_2_text_color=\u00bb#FFFFFF\u00bb background_color=\u00bb#093A63&#8243; custom_padding=\u00bb10px|30px|0px|30px|false|false\u00bb header_2_font_size_tablet=\u00bb\u00bb header_2_font_size_phone=\u00bb21px\u00bb header_2_font_size_last_edited=\u00bbon|phone\u00bb global_colors_info=\u00bb{}\u00bb]<\/p>\n<h2><span style=\"font-size:.6em; \">Soporte de tornillo de cadena para cilindros hidr\u00e1ulicos<br \/><\/span>Especificaciones<\/h2>\n<p>[\/et_pb_text][et_pb_text ul_type=\u00bbsquare\u00bb _builder_version=\u00bb4.21.0&#8243; _module_preset=\u00bbdefault\u00bb text_text_color=\u00bb#FFFFFF\u00bb min_height=\u00bb206px\u00bb custom_padding=\u00bb0px|30px|30px|30px|false|false\u00bb global_colors_info=\u00bb{}\u00bb]<\/p>\n<ul>\n<li>El soporte consta de dos patas y un tornillo de cadena. Se debe atornillar al suelo. <\/li>\n<li>El tornillo de cadena asegura cilindros de hasta 20\u201d.<\/li>\n<li>Una vez asegurado, el cilindro no se mover\u00e1 mientras se desmonta o se retira su prensaestopas.<\/li>\n<\/ul>\n<p>[\/et_pb_text][\/et_pb_column][et_pb_column type=\u00bb1_2&#8243; _builder_version=\u00bb4.21.0&#8243; _module_preset=\u00bbdefault\u00bb background_color=\u00bb#DCA32F\u00bb global_colors_info=\u00bb{}\u00bb][et_pb_text _builder_version=\u00bb4.21.0&#8243; _module_preset=\u00bbdefault\u00bb text_text_color=\u00bb#FFFFFF\u00bb header_text_color=\u00bb#FFFFFF\u00bb header_2_font=\u00bb|||on|||||\u00bb header_2_text_align=\u00bbcenter\u00bb header_2_text_color=\u00bb#FFFFFF\u00bb background_color=\u00bb#093A63&#8243; custom_padding=\u00bb10px|30px|0px|30px|false|false\u00bb header_2_font_size_tablet=\u00bb\u00bb header_2_font_size_phone=\u00bb21px\u00bb header_2_font_size_last_edited=\u00bbon|phone\u00bb global_colors_info=\u00bb{}\u00bb]<\/p>\n<h2><span style=\"font-size:.6em; \">Soporte de tornillo de cadena para cilindros hidr\u00e1ulicos<br \/><\/span> Opciones<\/h2>\n<p>[\/et_pb_text][et_pb_text ul_type=\u00bbsquare\u00bb _builder_version=\u00bb4.21.0&#8243; _module_preset=\u00bbdefault\u00bb text_text_color=\u00bb#FFFFFF\u00bb min_height=\u00bb206px\u00bb custom_padding=\u00bb0px|30px|30px|30px|false|false\u00bb global_colors_info=\u00bb{}\u00bb]<\/p>\n<ul>\n<li>Solicite un par para trabajar de forma segura con cilindros m\u00e1s largos.<\/li>\n<li>A\u00f1ada una bandeja debajo para recoger el aceite f\u00e1cilmente. La bandeja se puede suministrar bajo pedido. <\/li>\n<\/ul>\n<p>[\/et_pb_text][\/et_pb_column][\/et_pb_row][et_pb_row column_structure=\u00bb1_3,1_3,1_3&#8243; _builder_version=\u00bb4.21.0&#8243; _module_preset=\u00bbdefault\u00bb custom_padding=\u00bb||0px|||\u00bb global_colors_info=\u00bb{}\u00bb][et_pb_column type=\u00bb1_3&#8243; _builder_version=\u00bb4.21.0&#8243; _module_preset=\u00bbdefault\u00bb global_colors_info=\u00bb{}\u00bb][et_pb_text _builder_version=\u00bb4.24.2&#8243; _module_preset=\u00bbdefault\u00bb global_colors_info=\u00bb{}\u00bb]<\/p>\n<h2>Bandeja port\u00e1til para tornillo de cadena<\/h2>\n<h2>PTA20 \/ PTM20<\/h2>\n<p>[\/et_pb_text][et_pb_divider divider_weight=\u00bb2px\u00bb _builder_version=\u00bb4.21.0&#8243; _module_preset=\u00bbdefault\u00bb width=\u00bb20%\u00bb custom_margin=\u00bb||21px|||\u00bb global_colors_info=\u00bb{}\u00bb][\/et_pb_divider][et_pb_text _builder_version=\u00bb4.24.2&#8243; _module_preset=\u00bbdefault\u00bb text_font=\u00bb|300|||||||\u00bb text_text_color=\u00bb#000000&#8243; global_colors_info=\u00bb{}\u00bb]<\/p>\n<p>Nuestra bandeja port\u00e1til y m\u00f3vil para tornillos de cadena ofrece una soluci\u00f3n excepcional para la gesti\u00f3n de la recogida de aceite y la organizaci\u00f3n de herramientas durante las operaciones. Equipada con cuatro ruedas robustas, esta bandeja es f\u00e1cil de maniobrar, lo que le permite reposicionarla seg\u00fan sea necesario en su espacio de trabajo. Situada bajo el tornillo de cadena, captura el aceite de forma eficiente, manteniendo su \u00e1rea limpia y ordenada.  <\/p>\n<p>La bandeja est\u00e1 disponible en dos modelos duraderos:<\/p>\n<ul>\n<li><strong>PTM20, bandeja met\u00e1lica<\/strong><\/li>\n<li><strong>PTA20, bandeja de aluminio<\/strong><\/li>\n<\/ul>\n<p>La versi\u00f3n de aluminio cuenta con un compartimento para herramientas y accesorios y un dep\u00f3sito colector de aceite integrado. Una bandeja secundaria se asienta ligeramente elevada dentro de la bandeja principal, dise\u00f1ada con perforaciones para atrapar cualquier accesorio o pieza peque\u00f1a que pueda caer. Esta adici\u00f3n bien pensada evita que las piezas caigan directamente al aceite, preservando su limpieza y facilitando su recuperaci\u00f3n.  <\/p>\n<p>[\/et_pb_text][et_pb_text _builder_version=\u00bb4.24.2&#8243; _module_preset=\u00bbdefault\u00bb global_colors_info=\u00bb{}\u00bb]<\/p>\n<h3>\u00a1Una herramienta de f\u00e1cil configuraci\u00f3n para su taller que le permitir\u00e1 ahorrar tiempo y energ\u00eda! O actualice su taller con un juego completo de Nutbuster y accesorios. <\/h3>\n<p>[\/et_pb_text][\/et_pb_column][et_pb_column type=\u00bb1_3&#8243; _builder_version=\u00bb4.21.0&#8243; _module_preset=\u00bbdefault\u00bb global_colors_info=\u00bb{}\u00bb][et_pb_image src=\u00bbhttp:\/\/hydraulitechs.com\/wp-content\/uploads\/2024\/11\/4-scaled.jpg\u00bb alt=\u00bbCarro de servicio perforado de acero inoxidable con ruedas, estante inferior y bandeja de drenaje para uso industrial o en talleres\u00bb title_text=\u00bb4&#8243; _builder_version=\u00bb4.27.2&#8243; _module_preset=\u00bbdefault\u00bb global_colors_info=\u00bb{}\u00bb][\/et_pb_image][et_pb_image src=\u00bbhttp:\/\/hydraulitechs.com\/wp-content\/uploads\/2025\/12\/2-scaled-1.jpg\u00bb alt=\u00bb2&#8243; title_text=\u00bb2&#8243; _builder_version=\u00bb4.27.5&#8243; _module_preset=\u00bbdefault\u00bb hover_enabled=\u00bb0&#8243; global_colors_info=\u00bb{}\u00bb sticky_enabled=\u00bb0&#8243;][\/et_pb_image][et_pb_image src=\u00bbhttp:\/\/hydraulitechs.com\/wp-content\/uploads\/2024\/11\/1-scaled.jpg\u00bb alt=\u00bbCarro de servicio perforado de acero inoxidable con ruedas, estante inferior y bandeja de drenaje para uso industrial o en talleres\u00bb title_text=\u00bb1&#8243; _builder_version=\u00bb4.27.2&#8243; _module_preset=\u00bbdefault\u00bb global_colors_info=\u00bb{}\u00bb][\/et_pb_image][\/et_pb_column][et_pb_column type=\u00bb1_3&#8243; _builder_version=\u00bb4.21.0&#8243; _module_preset=\u00bbdefault\u00bb global_colors_info=\u00bb{}\u00bb][et_pb_image src=\u00bbhttp:\/\/hydraulitechs.com\/wp-content\/uploads\/2024\/11\/5.jpg\u00bb alt=\u00bbBandeja met\u00e1lica\u00bb title_text=\u00bb5&#8243; _builder_version=\u00bb4.24.2&#8243; _module_preset=\u00bbdefault\u00bb global_colors_info=\u00bb{}\u00bb][\/et_pb_image][et_pb_image src=\u00bbhttp:\/\/hydraulitechs.com\/wp-content\/uploads\/2025\/12\/6.jpg\u00bb alt=\u00bbBandeja de aceite met\u00e1lica\u00bb title_text=\u00bb6&#8243; _builder_version=\u00bb4.27.5&#8243; _module_preset=\u00bbdefault\u00bb global_colors_info=\u00bb{}\u00bb][\/et_pb_image][\/et_pb_column][\/et_pb_row][et_pb_row column_structure=\u00bb3_4,1_4&#8243; make_equal=\u00bbon\u00bb _builder_version=\u00bb4.21.0&#8243; _module_preset=\u00bbdefault\u00bb custom_margin=\u00bb66px|auto||auto||\u00bb custom_css_main_element=\u00bbalign-items:center;\u00bb border_width_top=\u00bb3px\u00bb border_color_top=\u00bb#DCA32F\u00bb global_colors_info=\u00bb{}\u00bb][et_pb_column type=\u00bb3_4&#8243; _builder_version=\u00bb4.21.0&#8243; _module_preset=\u00bbdefault\u00bb global_colors_info=\u00bb{}\u00bb][et_pb_text _builder_version=\u00bb4.21.0&#8243; _module_preset=\u00bbdefault\u00bb header_4_font_size=\u00bb51px\u00bb header_4_font_size_tablet=\u00bb40px\u00bb header_4_font_size_phone=\u00bb40px\u00bb header_4_font_size_last_edited=\u00bbon|tablet\u00bb global_colors_info=\u00bb{}\u00bb]<\/p>\n<h4>\u00bfDesea conocer nuestro resto de equipos para talleres de maquinaria hidr\u00e1ulica?<\/h4>\n<p>[\/et_pb_text][\/et_pb_column][et_pb_column type=\u00bb1_4&#8243; _builder_version=\u00bb4.21.0&#8243; _module_preset=\u00bbdefault\u00bb global_colors_info=\u00bb{}\u00bb][et_pb_button button_url=\u00bb@ET-DC@eyJkeW5hbWljIjp0cnVlLCJjb250ZW50IjoicG9zdF9saW5rX3VybF9wYWdlIiwic2V0dGluZ3MiOnsicG9zdF9pZCI6IjUxMTY1In19@\u00bb button_text=\u00bbVer todos los productos\u00bb button_alignment=\u00bbcenter\u00bb _builder_version=\u00bb4.21.0&#8243; _dynamic_attributes=\u00bbbutton_url\u00bb _module_preset=\u00bbdefault\u00bb custom_button=\u00bbon\u00bb button_text_color=\u00bb#000000&#8243; button_bg_color=\u00bb#DCA32F\u00bb button_border_color=\u00bb#DCA32F\u00bb button_border_radius=\u00bb2px\u00bb button_font=\u00bbRoboto|700||on|||||\u00bb button_use_icon=\u00bboff\u00bb custom_margin=\u00bb||16px||false|false\u00bb custom_padding=\u00bb30px|30px|30px|30px|false|false\u00bb custom_css_main_element=\u00bbwidth:100%;||line-height:1.1em !important;\u00bb locked=\u00bboff\u00bb global_colors_info=\u00bb{}\u00bb button_bg_color__hover_enabled=\u00bbon|hover\u00bb button_bg_color__hover=\u00bbrgba(220,163,47,0.7)\u00bb button_bg_enable_color__hover=\u00bbon\u00bb][\/et_pb_button][\/et_pb_column][\/et_pb_row][\/et_pb_section]<\/p>\n","protected":false},"excerpt":{"rendered":"<p>Soporte de tornillo de cadena y BANDEJA DE ACEITEpara el montaje de cilindros hidr\u00e1ulicosSoporte de tornillo de cadena de alta resistenciaCH-S20 El tornillo de cadena de alta resistencia est\u00e1 dise\u00f1ado para asegurar y sujetar cilindros hidr\u00e1ulicos para los procesos de desmontaje y montaje en talleres hidr\u00e1ulicos.\u00a1Una herramienta de f\u00e1cil configuraci\u00f3n para su taller que le [&hellip;]<\/p>\n","protected":false},"author":1,"featured_media":0,"parent":52496,"menu_order":0,"comment_status":"closed","ping_status":"closed","template":"","meta":{"_acf_changed":false,"_et_pb_use_builder":"on","_et_pb_old_content":"","_et_gb_content_width":"","footnotes":""},"class_list":["post-52514","page","type-page","status-publish","hentry"],"acf":[],"yoast_head":"<!-- This site is optimized with the Yoast SEO plugin v26.5 - https:\/\/yoast.com\/wordpress\/plugins\/seo\/ -->\n<title>Soporte de tornillo de cadena - Hydraulitechs | Hydraulic Service | Tube Honing Machine | Saskatoon SK<\/title>\n<meta name=\"description\" content=\"Mejore su taller hidr\u00e1ulico con nuestro soporte de tornillo de cadena: dise\u00f1ado por expertos para asegurar y sujetar cilindros hidr\u00e1ulicos durante el montaje y desmontaje. Ahorre tiempo y esfuerzo con esta herramienta de f\u00e1cil configuraci\u00f3n. Asegure cilindros de hasta 20&quot; sin esfuerzo y evite el movimiento durante el mantenimiento. Ampl\u00ede sus capacidades combin\u00e1ndolo con Nutbuster y sus accesorios. Explore las especificaciones y las actualizaciones opcionales ahora.\" \/>\n<meta name=\"robots\" content=\"index, follow, max-snippet:-1, max-image-preview:large, max-video-preview:-1\" \/>\n<link rel=\"canonical\" href=\"http:\/\/hydraulitechs.com\/es\/productos\/soporte-de-tornillo-de-cadena\/\" \/>\n<meta property=\"og:locale\" content=\"es_ES\" \/>\n<meta property=\"og:type\" content=\"article\" \/>\n<meta property=\"og:title\" content=\"Soporte de tornillo de cadena - Hydraulitechs | Hydraulic Service | Tube Honing Machine | Saskatoon SK\" \/>\n<meta property=\"og:description\" content=\"Mejore su taller hidr\u00e1ulico con nuestro soporte de tornillo de cadena: dise\u00f1ado por expertos para asegurar y sujetar cilindros hidr\u00e1ulicos durante el montaje y desmontaje. Ahorre tiempo y esfuerzo con esta herramienta de f\u00e1cil configuraci\u00f3n. Asegure cilindros de hasta 20&quot; sin esfuerzo y evite el movimiento durante el mantenimiento. Ampl\u00ede sus capacidades combin\u00e1ndolo con Nutbuster y sus accesorios. Explore las especificaciones y las actualizaciones opcionales ahora.\" \/>\n<meta property=\"og:url\" content=\"http:\/\/hydraulitechs.com\/es\/productos\/soporte-de-tornillo-de-cadena\/\" \/>\n<meta property=\"og:site_name\" content=\"Hydraulitechs | Hydraulic Service | Tube Honing Machine | Saskatoon SK\" \/>\n<meta property=\"article:modified_time\" content=\"2026-04-16T19:19:07+00:00\" \/>\n<meta name=\"twitter:card\" content=\"summary_large_image\" \/>\n<meta name=\"twitter:label1\" content=\"Tiempo de lectura\" \/>\n\t<meta name=\"twitter:data1\" content=\"7 minutos\" \/>\n<script type=\"application\/ld+json\" class=\"yoast-schema-graph\">{\"@context\":\"https:\/\/schema.org\",\"@graph\":[{\"@type\":\"WebPage\",\"@id\":\"http:\/\/hydraulitechs.com\/es\/productos\/soporte-de-tornillo-de-cadena\/\",\"url\":\"http:\/\/hydraulitechs.com\/es\/productos\/soporte-de-tornillo-de-cadena\/\",\"name\":\"Soporte de tornillo de cadena - Hydraulitechs | Hydraulic Service | Tube Honing Machine | Saskatoon SK\",\"isPartOf\":{\"@id\":\"http:\/\/hydraulitechs.com\/es\/#website\"},\"datePublished\":\"2022-04-20T21:50:44+00:00\",\"dateModified\":\"2026-04-16T19:19:07+00:00\",\"description\":\"Mejore su taller hidr\u00e1ulico con nuestro soporte de tornillo de cadena: dise\u00f1ado por expertos para asegurar y sujetar cilindros hidr\u00e1ulicos durante el montaje y desmontaje. Ahorre tiempo y esfuerzo con esta herramienta de f\u00e1cil configuraci\u00f3n. Asegure cilindros de hasta 20\\\" sin esfuerzo y evite el movimiento durante el mantenimiento. Ampl\u00ede sus capacidades combin\u00e1ndolo con Nutbuster y sus accesorios. Explore las especificaciones y las actualizaciones opcionales ahora.\",\"breadcrumb\":{\"@id\":\"http:\/\/hydraulitechs.com\/es\/productos\/soporte-de-tornillo-de-cadena\/#breadcrumb\"},\"inLanguage\":\"es\",\"potentialAction\":[{\"@type\":\"ReadAction\",\"target\":[\"http:\/\/hydraulitechs.com\/es\/productos\/soporte-de-tornillo-de-cadena\/\"]}]},{\"@type\":\"BreadcrumbList\",\"@id\":\"http:\/\/hydraulitechs.com\/es\/productos\/soporte-de-tornillo-de-cadena\/#breadcrumb\",\"itemListElement\":[{\"@type\":\"ListItem\",\"position\":1,\"name\":\"Home\",\"item\":\"https:\/\/hydraulitechs.com\/es\/\"},{\"@type\":\"ListItem\",\"position\":2,\"name\":\"Productos\",\"item\":\"https:\/\/hydraulitechs.com\/es\/productos\/\"},{\"@type\":\"ListItem\",\"position\":3,\"name\":\"Soporte de tornillo de cadena\"}]},{\"@type\":\"WebSite\",\"@id\":\"http:\/\/hydraulitechs.com\/es\/#website\",\"url\":\"http:\/\/hydraulitechs.com\/es\/\",\"name\":\"Hydraulitechs | Hydraulic Service | Tube Honing Machine | Saskatoon SK\",\"description\":\"\",\"potentialAction\":[{\"@type\":\"SearchAction\",\"target\":{\"@type\":\"EntryPoint\",\"urlTemplate\":\"http:\/\/hydraulitechs.com\/es\/?s={search_term_string}\"},\"query-input\":{\"@type\":\"PropertyValueSpecification\",\"valueRequired\":true,\"valueName\":\"search_term_string\"}}],\"inLanguage\":\"es\"}]}<\/script>\n<!-- \/ Yoast SEO plugin. -->","yoast_head_json":{"title":"Soporte de tornillo de cadena - Hydraulitechs | Hydraulic Service | Tube Honing Machine | Saskatoon SK","description":"Mejore su taller hidr\u00e1ulico con nuestro soporte de tornillo de cadena: dise\u00f1ado por expertos para asegurar y sujetar cilindros hidr\u00e1ulicos durante el montaje y desmontaje. Ahorre tiempo y esfuerzo con esta herramienta de f\u00e1cil configuraci\u00f3n. Asegure cilindros de hasta 20\" sin esfuerzo y evite el movimiento durante el mantenimiento. Ampl\u00ede sus capacidades combin\u00e1ndolo con Nutbuster y sus accesorios. Explore las especificaciones y las actualizaciones opcionales ahora.","robots":{"index":"index","follow":"follow","max-snippet":"max-snippet:-1","max-image-preview":"max-image-preview:large","max-video-preview":"max-video-preview:-1"},"canonical":"http:\/\/hydraulitechs.com\/es\/productos\/soporte-de-tornillo-de-cadena\/","og_locale":"es_ES","og_type":"article","og_title":"Soporte de tornillo de cadena - Hydraulitechs | Hydraulic Service | Tube Honing Machine | Saskatoon SK","og_description":"Mejore su taller hidr\u00e1ulico con nuestro soporte de tornillo de cadena: dise\u00f1ado por expertos para asegurar y sujetar cilindros hidr\u00e1ulicos durante el montaje y desmontaje. Ahorre tiempo y esfuerzo con esta herramienta de f\u00e1cil configuraci\u00f3n. Asegure cilindros de hasta 20\" sin esfuerzo y evite el movimiento durante el mantenimiento. Ampl\u00ede sus capacidades combin\u00e1ndolo con Nutbuster y sus accesorios. Explore las especificaciones y las actualizaciones opcionales ahora.","og_url":"http:\/\/hydraulitechs.com\/es\/productos\/soporte-de-tornillo-de-cadena\/","og_site_name":"Hydraulitechs | Hydraulic Service | Tube Honing Machine | Saskatoon SK","article_modified_time":"2026-04-16T19:19:07+00:00","twitter_card":"summary_large_image","twitter_misc":{"Tiempo de lectura":"7 minutos"},"schema":{"@context":"https:\/\/schema.org","@graph":[{"@type":"WebPage","@id":"http:\/\/hydraulitechs.com\/es\/productos\/soporte-de-tornillo-de-cadena\/","url":"http:\/\/hydraulitechs.com\/es\/productos\/soporte-de-tornillo-de-cadena\/","name":"Soporte de tornillo de cadena - Hydraulitechs | Hydraulic Service | Tube Honing Machine | Saskatoon SK","isPartOf":{"@id":"http:\/\/hydraulitechs.com\/es\/#website"},"datePublished":"2022-04-20T21:50:44+00:00","dateModified":"2026-04-16T19:19:07+00:00","description":"Mejore su taller hidr\u00e1ulico con nuestro soporte de tornillo de cadena: dise\u00f1ado por expertos para asegurar y sujetar cilindros hidr\u00e1ulicos durante el montaje y desmontaje. Ahorre tiempo y esfuerzo con esta herramienta de f\u00e1cil configuraci\u00f3n. Asegure cilindros de hasta 20\" sin esfuerzo y evite el movimiento durante el mantenimiento. Ampl\u00ede sus capacidades combin\u00e1ndolo con Nutbuster y sus accesorios. Explore las especificaciones y las actualizaciones opcionales ahora.","breadcrumb":{"@id":"http:\/\/hydraulitechs.com\/es\/productos\/soporte-de-tornillo-de-cadena\/#breadcrumb"},"inLanguage":"es","potentialAction":[{"@type":"ReadAction","target":["http:\/\/hydraulitechs.com\/es\/productos\/soporte-de-tornillo-de-cadena\/"]}]},{"@type":"BreadcrumbList","@id":"http:\/\/hydraulitechs.com\/es\/productos\/soporte-de-tornillo-de-cadena\/#breadcrumb","itemListElement":[{"@type":"ListItem","position":1,"name":"Home","item":"https:\/\/hydraulitechs.com\/es\/"},{"@type":"ListItem","position":2,"name":"Productos","item":"https:\/\/hydraulitechs.com\/es\/productos\/"},{"@type":"ListItem","position":3,"name":"Soporte de tornillo de cadena"}]},{"@type":"WebSite","@id":"http:\/\/hydraulitechs.com\/es\/#website","url":"http:\/\/hydraulitechs.com\/es\/","name":"Hydraulitechs | Hydraulic Service | Tube Honing Machine | Saskatoon SK","description":"","potentialAction":[{"@type":"SearchAction","target":{"@type":"EntryPoint","urlTemplate":"http:\/\/hydraulitechs.com\/es\/?s={search_term_string}"},"query-input":{"@type":"PropertyValueSpecification","valueRequired":true,"valueName":"search_term_string"}}],"inLanguage":"es"}]}},"_links":{"self":[{"href":"http:\/\/hydraulitechs.com\/es\/wp-json\/wp\/v2\/pages\/52514","targetHints":{"allow":["GET"]}}],"collection":[{"href":"http:\/\/hydraulitechs.com\/es\/wp-json\/wp\/v2\/pages"}],"about":[{"href":"http:\/\/hydraulitechs.com\/es\/wp-json\/wp\/v2\/types\/page"}],"author":[{"embeddable":true,"href":"http:\/\/hydraulitechs.com\/es\/wp-json\/wp\/v2\/users\/1"}],"replies":[{"embeddable":true,"href":"http:\/\/hydraulitechs.com\/es\/wp-json\/wp\/v2\/comments?post=52514"}],"version-history":[{"count":4,"href":"http:\/\/hydraulitechs.com\/es\/wp-json\/wp\/v2\/pages\/52514\/revisions"}],"predecessor-version":[{"id":52521,"href":"http:\/\/hydraulitechs.com\/es\/wp-json\/wp\/v2\/pages\/52514\/revisions\/52521"}],"up":[{"embeddable":true,"href":"http:\/\/hydraulitechs.com\/es\/wp-json\/wp\/v2\/pages\/52496"}],"wp:attachment":[{"href":"http:\/\/hydraulitechs.com\/es\/wp-json\/wp\/v2\/media?parent=52514"}],"curies":[{"name":"wp","href":"https:\/\/api.w.org\/{rel}","templated":true}]}}