{"id":52536,"date":"2020-02-25T10:46:08","date_gmt":"2020-02-25T16:46:08","guid":{"rendered":"http:\/\/hydraulitechs.com\/contacto\/"},"modified":"2026-04-16T13:19:46","modified_gmt":"2026-04-16T19:19:46","slug":"contacto","status":"publish","type":"page","link":"http:\/\/hydraulitechs.com\/es\/contacto\/","title":{"rendered":"Contacto"},"content":{"rendered":"<p>[et_pb_section fb_built=\u00bb1&#8243; _builder_version=\u00bb4.21.0&#8243; _module_preset=\u00bbdefault\u00bb background_color=\u00bb#093A63&#8243; background_image=\u00bbhttp:\/\/hydraulitechs.com\/wp-content\/uploads\/2023\/07\/secondary-page-header-v3.jpg\u00bb global_colors_info=\u00bb{}\u00bb][et_pb_row _builder_version=\u00bb4.21.0&#8243; _module_preset=\u00bbdefault\u00bb custom_padding=\u00bb||4px|||\u00bb global_colors_info=\u00bb{}\u00bb][et_pb_column type=\u00bb4_4&#8243; _builder_version=\u00bb4.21.0&#8243; _module_preset=\u00bbdefault\u00bb global_colors_info=\u00bb{}\u00bb][et_pb_text _builder_version=\u00bb4.27.2&#8243; _module_preset=\u00bbdefault\u00bb header_font=\u00bbRoboto|700||on|||||\u00bb header_text_color=\u00bb#FFFFFF\u00bb header_font_size=\u00bb76px\u00bb header_font_size_tablet=\u00bb76px\u00bb header_font_size_phone=\u00bb40px\u00bb header_font_size_last_edited=\u00bbon|phone\u00bb global_colors_info=\u00bb{}\u00bb]<\/p>\n<h1>Cont\u00e1ctenos<\/h1>\n<p>[\/et_pb_text][\/et_pb_column][\/et_pb_row][\/et_pb_section][et_pb_section fb_built=\u00bb1&#8243; _builder_version=\u00bb4.21.0&#8243; _module_preset=\u00bbdefault\u00bb global_colors_info=\u00bb{}\u00bb][et_pb_row column_structure=\u00bb1_3,1_3,1_3&#8243; _builder_version=\u00bb4.21.0&#8243; _module_preset=\u00bbdefault\u00bb global_colors_info=\u00bb{}\u00bb][et_pb_column type=\u00bb1_3&#8243; _builder_version=\u00bb4.21.0&#8243; _module_preset=\u00bbdefault\u00bb global_colors_info=\u00bb{}\u00bb][et_pb_blurb title=\u00bbLLAME O ENV\u00cdE UN CORREO ELECTR\u00d3NICO\u00bb use_icon=\u00bbon\u00bb font_icon=\u00bb&#xf3cd;||fa||900&#8243; _builder_version=\u00bb4.21.0&#8243; _module_preset=\u00bbdefault\u00bb header_level=\u00bbh2&#8243; header_text_align=\u00bbcenter\u00bb body_text_align=\u00bbcenter\u00bb global_colors_info=\u00bb{}\u00bb]<\/p>\n<p><a href=\"tel:1%20(306)%20683-1960\">(306) 683-1960<\/a><br \/>\n <a href=\"mailto:contact@hydraulitechs.com\">contact@hydraulitechs.com<\/a><\/p>\n<p>[\/et_pb_blurb][\/et_pb_column][et_pb_column type=\u00bb1_3&#8243; _builder_version=\u00bb4.21.0&#8243; _module_preset=\u00bbdefault\u00bb border_width_right=\u00bb1px\u00bb border_color_right=\u00bb#093A63&#8243; border_width_left=\u00bb1px\u00bb border_width_right_tablet=\u00bb0px\u00bb border_width_right_phone=\u00bb0px\u00bb border_width_right_last_edited=\u00bbon|phone\u00bb border_width_left_tablet=\u00bb0px\u00bb border_width_left_phone=\u00bb0px\u00bb border_width_left_last_edited=\u00bbon|phone\u00bb global_colors_info=\u00bb{}\u00bb][et_pb_blurb title=\u00bbVIS\u00cdTENOS\u00bb use_icon=\u00bbon\u00bb font_icon=\u00bb&#xe081;||divi||400&#8243; _builder_version=\u00bb4.21.0&#8243; _module_preset=\u00bbdefault\u00bb header_level=\u00bbh2&#8243; header_text_align=\u00bbcenter\u00bb body_font=\u00bb|300|||||||\u00bb body_text_align=\u00bbcenter\u00bb body_text_color=\u00bb#000000&#8243; text_orientation=\u00bbcenter\u00bb locked=\u00bboff\u00bb global_colors_info=\u00bb{}\u00bb]2215 Faithfull Avenue<br \/>\nSaskatoon, SK, Canad\u00e1<br \/>\nS7K 1T8[\/et_pb_blurb][\/et_pb_column][et_pb_column type=\u00bb1_3&#8243; _builder_version=\u00bb4.21.0&#8243; _module_preset=\u00bbdefault\u00bb global_colors_info=\u00bb{}\u00bb][et_pb_blurb title=\u00bbHORARIO COMERCIAL\u00bb use_icon=\u00bbon\u00bb font_icon=\u00bb&#xf017;||fa||400&#8243; _builder_version=\u00bb4.21.0&#8243; _module_preset=\u00bbdefault\u00bb header_level=\u00bbh2&#8243; header_text_align=\u00bbcenter\u00bb body_font=\u00bb|300|||||||\u00bb body_text_align=\u00bbcenter\u00bb body_text_color=\u00bb#000000&#8243; locked=\u00bboff\u00bb global_colors_info=\u00bb{}\u00bb]<\/p>\n<p>Lunes \u2013 Viernes: 8:00 \u2013 16:30<br \/>\nS\u00e1bado \u2013 Domingo: Cerrado<\/p>\n<p>[\/et_pb_blurb][\/et_pb_column][\/et_pb_row][\/et_pb_section][et_pb_section fb_built=\u00bb1&#8243; _builder_version=\u00bb4.27.2&#8243; _module_preset=\u00bbdefault\u00bb background_color=\u00bb#0C71C3&#8243; custom_padding=\u00bb25px||12px|||\u00bb global_colors_info=\u00bb{}\u00bb][et_pb_row _builder_version=\u00bb4.21.0&#8243; _module_preset=\u00bbdefault\u00bb global_colors_info=\u00bb{}\u00bb][et_pb_column type=\u00bb4_4&#8243; _builder_version=\u00bb4.21.0&#8243; _module_preset=\u00bbdefault\u00bb global_colors_info=\u00bb{}\u00bb][et_pb_text _builder_version=\u00bb4.27.2&#8243; _module_preset=\u00bbdefault\u00bb text_font=\u00bb&#8211;et_global_heading_font|800|||||||\u00bb text_text_color=\u00bb#000000&#8243; text_font_size=\u00bb37px\u00bb global_colors_info=\u00bb{}\u00bb]<\/p>\n<p>Hydraulitechs busca distribuidores en Australia, Europa, Oriente Medio y \u00c1frica<\/p>\n<p>[\/et_pb_text][\/et_pb_column][\/et_pb_row][et_pb_row _builder_version=\u00bb4.21.0&#8243; _module_preset=\u00bbdefault\u00bb global_colors_info=\u00bb{}\u00bb][et_pb_column type=\u00bb4_4&#8243; _builder_version=\u00bb4.21.0&#8243; _module_preset=\u00bbdefault\u00bb global_colors_info=\u00bb{}\u00bb][et_pb_text _builder_version=\u00bb4.27.2&#8243; _module_preset=\u00bbdefault\u00bb text_text_color=\u00bb#000000&#8243; custom_padding=\u00bb||17px|||\u00bb global_colors_info=\u00bb{}\u00bb]<\/p>\n<p>Como nombre l\u00edder en la industria de maquinaria hidr\u00e1ulica, Hydraulitechs se est\u00e1 expandiendo para satisfacer la creciente demanda de nuestros productos y mejorar el servicio al cliente en todo el mundo. Buscamos activamente concesionarios y distribuidores en Australia, Europa, Am\u00e9rica del Sur, Oriente Medio y \u00c1frica. <\/p>\n<p>Si est\u00e1 interesado en asociarse con nosotros, env\u00ede sus consultas a Contact@hydraulitechs.com.<\/p>\n<p>[\/et_pb_text][\/et_pb_column][\/et_pb_row][\/et_pb_section][et_pb_section fb_built=\u00bb1&#8243; fullwidth=\u00bbon\u00bb _builder_version=\u00bb4.24.2&#8243; _module_preset=\u00bbdefault\u00bb global_colors_info=\u00bb{}\u00bb][et_pb_fullwidth_header title=\u00bbDistribuidor exclusivo en EE. UU. \u00bb subhead=\u00bbTenga en cuenta: Para clientes ubicados en los Estados Unidos, p\u00f3ngase en contacto con nosotros a trav\u00e9s del siguiente correo electr\u00f3nico y n\u00famero de tel\u00e9fono.\u00bb _builder_version=\u00bb4.27.2&#8243; _module_preset=\u00bbdefault\u00bb title_level=\u00bbh2&#8243; hover_enabled=\u00bb0&#8243; global_colors_info=\u00bb{}\u00bb sticky_enabled=\u00bb0&#8243; link_option_url_new_window=\u00bbon\u00bb]<\/p>\n<p>Hydraulitechs se complace en ofrecer ofertas exclusivas a nuestros clientes en los Estados Unidos a trav\u00e9s de nuestro distribuidor, CRC. Mejore su taller hidr\u00e1ulico con herramientas de primera l\u00ednea. P\u00f3ngase en contacto con nosotros hoy mismo para explorar nuestras ofertas especiales y analizar sus requisitos espec\u00edficos.  <\/p>\n<p><span>Aaron Ryals<\/span>,<br \/>CRC Distribution Inc.<\/p>\n<p>aaron.ryals@crconline.com<\/p>\n<p>[\/et_pb_fullwidth_header][\/et_pb_section][et_pb_section fb_built=\u00bb1&#8243; _builder_version=\u00bb4.21.0&#8243; _module_preset=\u00bbdefault\u00bb background_image=\u00bbhttp:\/\/hydraulitechs.com\/wp-content\/uploads\/2023\/07\/world-background.jpg\u00bb background_position=\u00bbtop_center\u00bb custom_padding=\u00bb||35px|||\u00bb global_colors_info=\u00bb{}\u00bb][et_pb_row column_structure=\u00bb1_5,3_5,1_5&#8243; _builder_version=\u00bb4.21.0&#8243; _module_preset=\u00bbdefault\u00bb global_colors_info=\u00bb{}\u00bb][et_pb_column type=\u00bb1_5&#8243; _builder_version=\u00bb4.21.0&#8243; _module_preset=\u00bbdefault\u00bb global_colors_info=\u00bb{}\u00bb][\/et_pb_column][et_pb_column type=\u00bb3_5&#8243; _builder_version=\u00bb4.21.0&#8243; _module_preset=\u00bbdefault\u00bb global_colors_info=\u00bb{}\u00bb][et_pb_text _builder_version=\u00bb4.21.0&#8243; _module_preset=\u00bbdefault\u00bb header_3_font=\u00bb|||on|||||\u00bb header_3_text_color=\u00bb#FFFFFF\u00bb global_colors_info=\u00bb{}\u00bb]<\/p>\n<h3>Solicite un presupuesto o env\u00edenos un mensaje<\/h3>\n<p>[\/et_pb_text][et_pb_df_gravityform_injector id=\u00bb3&#8243; title=\u00bboff\u00bb description=\u00bboff\u00bb fb_background_color=\u00bb#DCA32F\u00bb fb_background_color_hover=\u00bb#dbb976&#8243; fb_text_color_hover=\u00bb#FFFFFF\u00bb fb_padding=\u00bb15px|40px|15px|40px|false|false\u00bb fb_margin=\u00bb10px|15px|0|0|false|false\u00bb input_background_color=\u00bbrgba(255,255,255,0.5)\u00bb _builder_version=\u00bb4.21.0&#8243; _module_preset=\u00bbdefault\u00bb input_font=\u00bb|700||on|||||\u00bb input_text_color=\u00bb#FFFFFF\u00bb input_font_size=\u00bb21px\u00bb form_button_font=\u00bb|700||on|||||\u00bb form_button_text_color=\u00bb#FFFFFF\u00bb custom_padding=\u00bb0px|0px|0px|0px|false|false\u00bb global_colors_info=\u00bb{}\u00bb][\/et_pb_df_gravityform_injector][\/et_pb_column][et_pb_column type=\u00bb1_5&#8243; _builder_version=\u00bb4.21.0&#8243; _module_preset=\u00bbdefault\u00bb global_colors_info=\u00bb{}\u00bb][\/et_pb_column][\/et_pb_row][\/et_pb_section]<\/p>\n","protected":false},"excerpt":{"rendered":"<p>Cont\u00e1ctenos(306) 683-1960 contact@hydraulitechs.com2215 Faithfull Avenue Saskatoon, SK, Canad\u00e1 S7K 1T8Lunes \u2013 Viernes: 8:00 \u2013 16:30 S\u00e1bado \u2013 Domingo: CerradoHydraulitechs busca distribuidores en Australia, Europa, Oriente Medio y \u00c1fricaComo nombre l\u00edder en la industria de maquinaria hidr\u00e1ulica, Hydraulitechs se est\u00e1 expandiendo para satisfacer la creciente demanda de nuestros productos y mejorar el servicio al cliente en [&hellip;]<\/p>\n","protected":false},"author":1,"featured_media":0,"parent":0,"menu_order":0,"comment_status":"closed","ping_status":"closed","template":"","meta":{"_acf_changed":false,"_et_pb_use_builder":"on","_et_pb_old_content":"","_et_gb_content_width":"","footnotes":""},"class_list":["post-52536","page","type-page","status-publish","hentry"],"acf":[],"yoast_head":"<!-- This site is optimized with the Yoast SEO plugin v26.5 - https:\/\/yoast.com\/wordpress\/plugins\/seo\/ -->\n<title>Contacto - Hydraulitechs | Hydraulic Service | Tube Honing Machine | Saskatoon SK<\/title>\n<meta name=\"description\" content=\"Cont\u00e1ctenos: 1 (306) 683-1960, \u2013 Correo electr\u00f3nico: contact@hydraulitechs.com \u2013 1725 Ontario Ave, Saskatoon, SK, Canad\u00e1. Maquinaria para talleres hidr\u00e1ulicos.\" \/>\n<meta name=\"robots\" content=\"index, follow, max-snippet:-1, max-image-preview:large, max-video-preview:-1\" \/>\n<link rel=\"canonical\" href=\"http:\/\/hydraulitechs.com\/es\/contacto\/\" \/>\n<meta property=\"og:locale\" content=\"es_ES\" \/>\n<meta property=\"og:type\" content=\"article\" \/>\n<meta property=\"og:title\" content=\"Contacto - Hydraulitechs | Hydraulic Service | Tube Honing Machine | Saskatoon SK\" \/>\n<meta property=\"og:description\" content=\"Cont\u00e1ctenos: 1 (306) 683-1960, \u2013 Correo electr\u00f3nico: contact@hydraulitechs.com \u2013 1725 Ontario Ave, Saskatoon, SK, Canad\u00e1. Maquinaria para talleres hidr\u00e1ulicos.\" \/>\n<meta property=\"og:url\" content=\"http:\/\/hydraulitechs.com\/es\/contacto\/\" \/>\n<meta property=\"og:site_name\" content=\"Hydraulitechs | Hydraulic Service | Tube Honing Machine | Saskatoon SK\" \/>\n<meta property=\"article:modified_time\" content=\"2026-04-16T19:19:46+00:00\" \/>\n<meta name=\"twitter:card\" content=\"summary_large_image\" \/>\n<meta name=\"twitter:label1\" content=\"Tiempo de lectura\" \/>\n\t<meta name=\"twitter:data1\" content=\"5 minutos\" \/>\n<script type=\"application\/ld+json\" class=\"yoast-schema-graph\">{\"@context\":\"https:\/\/schema.org\",\"@graph\":[{\"@type\":\"WebPage\",\"@id\":\"http:\/\/hydraulitechs.com\/es\/contacto\/\",\"url\":\"http:\/\/hydraulitechs.com\/es\/contacto\/\",\"name\":\"Contacto - Hydraulitechs | Hydraulic Service | Tube Honing Machine | Saskatoon SK\",\"isPartOf\":{\"@id\":\"http:\/\/hydraulitechs.com\/es\/#website\"},\"datePublished\":\"2020-02-25T16:46:08+00:00\",\"dateModified\":\"2026-04-16T19:19:46+00:00\",\"description\":\"Cont\u00e1ctenos: 1 (306) 683-1960, \u2013 Correo electr\u00f3nico: contact@hydraulitechs.com \u2013 1725 Ontario Ave, Saskatoon, SK, Canad\u00e1. Maquinaria para talleres hidr\u00e1ulicos.\",\"breadcrumb\":{\"@id\":\"http:\/\/hydraulitechs.com\/es\/contacto\/#breadcrumb\"},\"inLanguage\":\"es\",\"potentialAction\":[{\"@type\":\"ReadAction\",\"target\":[\"http:\/\/hydraulitechs.com\/es\/contacto\/\"]}]},{\"@type\":\"BreadcrumbList\",\"@id\":\"http:\/\/hydraulitechs.com\/es\/contacto\/#breadcrumb\",\"itemListElement\":[{\"@type\":\"ListItem\",\"position\":1,\"name\":\"Home\",\"item\":\"https:\/\/hydraulitechs.com\/es\/\"},{\"@type\":\"ListItem\",\"position\":2,\"name\":\"Contacto\"}]},{\"@type\":\"WebSite\",\"@id\":\"http:\/\/hydraulitechs.com\/es\/#website\",\"url\":\"http:\/\/hydraulitechs.com\/es\/\",\"name\":\"Hydraulitechs | Hydraulic Service | Tube Honing Machine | Saskatoon SK\",\"description\":\"\",\"potentialAction\":[{\"@type\":\"SearchAction\",\"target\":{\"@type\":\"EntryPoint\",\"urlTemplate\":\"http:\/\/hydraulitechs.com\/es\/?s={search_term_string}\"},\"query-input\":{\"@type\":\"PropertyValueSpecification\",\"valueRequired\":true,\"valueName\":\"search_term_string\"}}],\"inLanguage\":\"es\"}]}<\/script>\n<!-- \/ Yoast SEO plugin. -->","yoast_head_json":{"title":"Contacto - Hydraulitechs | Hydraulic Service | Tube Honing Machine | Saskatoon SK","description":"Cont\u00e1ctenos: 1 (306) 683-1960, \u2013 Correo electr\u00f3nico: contact@hydraulitechs.com \u2013 1725 Ontario Ave, Saskatoon, SK, Canad\u00e1. Maquinaria para talleres hidr\u00e1ulicos.","robots":{"index":"index","follow":"follow","max-snippet":"max-snippet:-1","max-image-preview":"max-image-preview:large","max-video-preview":"max-video-preview:-1"},"canonical":"http:\/\/hydraulitechs.com\/es\/contacto\/","og_locale":"es_ES","og_type":"article","og_title":"Contacto - Hydraulitechs | Hydraulic Service | Tube Honing Machine | Saskatoon SK","og_description":"Cont\u00e1ctenos: 1 (306) 683-1960, \u2013 Correo electr\u00f3nico: contact@hydraulitechs.com \u2013 1725 Ontario Ave, Saskatoon, SK, Canad\u00e1. Maquinaria para talleres hidr\u00e1ulicos.","og_url":"http:\/\/hydraulitechs.com\/es\/contacto\/","og_site_name":"Hydraulitechs | Hydraulic Service | Tube Honing Machine | Saskatoon SK","article_modified_time":"2026-04-16T19:19:46+00:00","twitter_card":"summary_large_image","twitter_misc":{"Tiempo de lectura":"5 minutos"},"schema":{"@context":"https:\/\/schema.org","@graph":[{"@type":"WebPage","@id":"http:\/\/hydraulitechs.com\/es\/contacto\/","url":"http:\/\/hydraulitechs.com\/es\/contacto\/","name":"Contacto - Hydraulitechs | Hydraulic Service | Tube Honing Machine | Saskatoon SK","isPartOf":{"@id":"http:\/\/hydraulitechs.com\/es\/#website"},"datePublished":"2020-02-25T16:46:08+00:00","dateModified":"2026-04-16T19:19:46+00:00","description":"Cont\u00e1ctenos: 1 (306) 683-1960, \u2013 Correo electr\u00f3nico: contact@hydraulitechs.com \u2013 1725 Ontario Ave, Saskatoon, SK, Canad\u00e1. Maquinaria para talleres hidr\u00e1ulicos.","breadcrumb":{"@id":"http:\/\/hydraulitechs.com\/es\/contacto\/#breadcrumb"},"inLanguage":"es","potentialAction":[{"@type":"ReadAction","target":["http:\/\/hydraulitechs.com\/es\/contacto\/"]}]},{"@type":"BreadcrumbList","@id":"http:\/\/hydraulitechs.com\/es\/contacto\/#breadcrumb","itemListElement":[{"@type":"ListItem","position":1,"name":"Home","item":"https:\/\/hydraulitechs.com\/es\/"},{"@type":"ListItem","position":2,"name":"Contacto"}]},{"@type":"WebSite","@id":"http:\/\/hydraulitechs.com\/es\/#website","url":"http:\/\/hydraulitechs.com\/es\/","name":"Hydraulitechs | Hydraulic Service | Tube Honing Machine | Saskatoon SK","description":"","potentialAction":[{"@type":"SearchAction","target":{"@type":"EntryPoint","urlTemplate":"http:\/\/hydraulitechs.com\/es\/?s={search_term_string}"},"query-input":{"@type":"PropertyValueSpecification","valueRequired":true,"valueName":"search_term_string"}}],"inLanguage":"es"}]}},"_links":{"self":[{"href":"http:\/\/hydraulitechs.com\/es\/wp-json\/wp\/v2\/pages\/52536","targetHints":{"allow":["GET"]}}],"collection":[{"href":"http:\/\/hydraulitechs.com\/es\/wp-json\/wp\/v2\/pages"}],"about":[{"href":"http:\/\/hydraulitechs.com\/es\/wp-json\/wp\/v2\/types\/page"}],"author":[{"embeddable":true,"href":"http:\/\/hydraulitechs.com\/es\/wp-json\/wp\/v2\/users\/1"}],"replies":[{"embeddable":true,"href":"http:\/\/hydraulitechs.com\/es\/wp-json\/wp\/v2\/comments?post=52536"}],"version-history":[{"count":2,"href":"http:\/\/hydraulitechs.com\/es\/wp-json\/wp\/v2\/pages\/52536\/revisions"}],"predecessor-version":[{"id":52538,"href":"http:\/\/hydraulitechs.com\/es\/wp-json\/wp\/v2\/pages\/52536\/revisions\/52538"}],"wp:attachment":[{"href":"http:\/\/hydraulitechs.com\/es\/wp-json\/wp\/v2\/media?parent=52536"}],"curies":[{"name":"wp","href":"https:\/\/api.w.org\/{rel}","templated":true}]}}