{"id":52583,"date":"2019-07-15T21:19:44","date_gmt":"2019-07-16T03:19:44","guid":{"rendered":"http:\/\/hydraulitechs.com\/politica-de-privacidad\/"},"modified":"2026-04-16T13:21:24","modified_gmt":"2026-04-16T19:21:24","slug":"politica-de-privacidad","status":"publish","type":"page","link":"http:\/\/hydraulitechs.com\/es\/politica-de-privacidad\/","title":{"rendered":"Pol\u00edtica de privacidad"},"content":{"rendered":"\n[et_pb_section fb_built=\u00bb1&#8243; admin_label=\u00bbBlog\u00bb _builder_version=\u00bb3.22&#8243;][et_pb_row _builder_version=\u00bb3.26.5&#8243;][et_pb_column type=\u00bb4_4&#8243; _builder_version=\u00bb3.26.5&#8243;][et_pb_text _builder_version=\u00bb4.5.3&#8243; hover_enabled=\u00bb0&#8243;]<h1>Pol\u00edtica de privacidad<\/h1>\n<h4>Sitios cubiertos por esta declaraci\u00f3n de pol\u00edtica<\/h4>\n<p>Esta declaraci\u00f3n de privacidad se aplica a todos los sitios web y dominios propiedad de Hydraulitechs, as\u00ed como a nuestras filiales de propiedad absoluta (sitios web de Hydraulitechs).<\/p>\n<h4>Enlaces a sitios web ajenos a Hydraulitechs<\/h4>\n<p>Los sitios web de Hydraulitechs pueden facilitar enlaces a sitios web de terceros para su comodidad e informaci\u00f3n. Si accede a esos enlaces, abandonar\u00e1 el sitio web de Hydraulitechs. Hydraulitechs no controla esos sitios ni sus pr\u00e1cticas de privacidad, que pueden diferir de las de Hydraulitechs. No respaldamos ni nos pronunciamos sobre los sitios web de terceros. Los datos personales que decida facilitar a terceros no relacionados no est\u00e1n cubiertos por la Declaraci\u00f3n de privacidad de Hydraulitechs. Le recomendamos que revise la pol\u00edtica de privacidad de cualquier empresa antes de enviar su informaci\u00f3n personal. Algunas terceras empresas pueden optar por compartir sus datos personales con Hydraulitechs; ese intercambio se rige por la pol\u00edtica de privacidad de dicha tercera empresa.      <\/p>\n<h4>Tipos de informaci\u00f3n que recopilamos<\/h4>\n<p>Esta Declaraci\u00f3n de privacidad cubre la informaci\u00f3n personal, la recopilaci\u00f3n de datos no personales y los informes agregados.<\/p>\n<p>La informaci\u00f3n personal es aquella que est\u00e1 asociada a su nombre o identidad personal. Hydraulitechs utiliza la informaci\u00f3n personal para comprender mejor sus necesidades e intereses y para ofrecerle un mejor servicio. Una vez que decida proporcionarnos informaci\u00f3n personal, puede estar seguro de que solo se utilizar\u00e1 para respaldar su relaci\u00f3n como cliente con Hydraulitechs. Nos tomamos muy en serio la confianza que deposita en nosotros. Hydraulitechs no vender\u00e1, alquilar\u00e1 ni ceder\u00e1 su informaci\u00f3n personal a terceros.    <\/p>\n<p>En algunas p\u00e1ginas y enlaces de Hydraulitechs, puede solicitar productos o servicios, pedir informaci\u00f3n, suscribirse a materiales de marketing o soporte, registrarse o solicitar un empleo en Hydraulitechs. Los tipos de informaci\u00f3n personal que nos proporciona en estas p\u00e1ginas pueden incluir nombre, direcci\u00f3n, n\u00famero de tel\u00e9fono, direcci\u00f3n de correo electr\u00f3nico, ID de usuario y contrase\u00f1as, informaci\u00f3n de facturaci\u00f3n y transacciones, informaci\u00f3n de tarjetas de cr\u00e9dito, preferencias de contacto, formaci\u00f3n acad\u00e9mica y experiencia laboral, y datos de inter\u00e9s laboral. <\/p>\n<p>La informaci\u00f3n no personal son datos sobre el uso y el funcionamiento del servicio que no est\u00e1n asociados a una identidad personal espec\u00edfica. Hydraulitechs recopila y analiza informaci\u00f3n no personal para evaluar c\u00f3mo utilizan los visitantes el sitio web de Hydraulitechs. <\/p>\n<p>Los datos no personales que recopilamos pueden incluir las p\u00e1ginas visitadas en los sitios web de Hydraulitechs, las URL \u00fanicas visitadas dentro de nuestro sitio web, el tipo de navegador y la direcci\u00f3n IP. La mayor\u00eda de los datos no personales se recopilan a trav\u00e9s de cookies u otras tecnolog\u00edas de an\u00e1lisis. <\/p>\n<h4>Privacidad de los menores<\/h4>\n<p>Hydraulitechs se compromete a proteger las necesidades de privacidad de los ni\u00f1os y animamos a los padres y tutores a que desempe\u00f1en un papel activo en las actividades e intereses en l\u00ednea de sus hijos. Hydraulitechs no recopila conscientemente informaci\u00f3n de ni\u00f1os menores de 13 a\u00f1os y Hydraulitechs no dirige su sitio web a ni\u00f1os menores de 13 a\u00f1os. <\/p>\n<h4>C\u00f3mo utilizamos su informaci\u00f3n<\/h4>\n<p>Hydraulitechs utiliza su informaci\u00f3n personal para prestarle servicios y para ayudarnos a comprender mejor sus necesidades e intereses. Espec\u00edficamente, utilizamos su informaci\u00f3n para ayudarle a completar una transacci\u00f3n o pedido, para comunicarnos con usted, para proporcionar servicio y soporte, para mantenerle informado sobre servicios y beneficios, para personalizar las ofertas promocionales y para personalizar el sitio web de Hydraulitechs. <\/p>\n<p>Ocasionalmente, tambi\u00e9n podemos utilizar su informaci\u00f3n para ponernos en contacto con usted con el fin de realizar estudios de mercado sobre los productos o servicios de Hydraulitechs. Le daremos la oportunidad de elegir sus preferencias de privacidad con respecto a dichas comunicaciones. Puede, en cualquier momento, ponerse en contacto con nosotros para solicitar la exclusi\u00f3n de futuras comunicaciones. La informaci\u00f3n de la tarjeta de cr\u00e9dito se utiliza \u00fanicamente para el procesamiento de pagos y la prevenci\u00f3n del fraude.   <\/p>\n<p>Esta informaci\u00f3n no es utilizada para ning\u00fan otro prop\u00f3sito por nuestros proveedores de servicios financieros o Hydraulitechs y no se conservar\u00e1 m\u00e1s tiempo del necesario para la prestaci\u00f3n de los servicios, a menos que nos pida que conservemos la informaci\u00f3n de su tarjeta de cr\u00e9dito para futuras compras.<\/p>\n<p>Los datos personales recopilados en l\u00ednea tambi\u00e9n pueden combinarse con la informaci\u00f3n que usted proporcione a Hydraulitechs a trav\u00e9s de otras fuentes, como el registro de productos, centros de atenci\u00f3n telef\u00f3nica o eventos p\u00fablicos como ferias comerciales o seminarios.<\/p>\n<p>Los datos personales facilitados a Hydraulitechs pueden transferirse a trav\u00e9s de las fronteras estatales, provinciales y\/o nacionales con fines de consolidaci\u00f3n de datos, almacenamiento y gesti\u00f3n simplificada de la informaci\u00f3n de los clientes.<\/p>\n<p>Los datos no personales se agregan para elaborar informes sobre la usabilidad, el rendimiento y la eficacia del sitio web de Hydraulitechs. Se utilizan para mejorar la experiencia del cliente, la usabilidad y el contenido del sitio. <\/p>\n<h4>Con qui\u00e9n compartimos su informaci\u00f3n<\/h4>\n<p>Hydraulitechs no vender\u00e1, alquilar\u00e1 ni ceder\u00e1 su informaci\u00f3n personal a terceros. Hydraulitechs no compartir\u00e1 su informaci\u00f3n personal con terceros, excepto para responder a sus solicitudes de productos o servicios. Se le pedir\u00e1 su permiso cuando env\u00ede su informaci\u00f3n.  <\/p>\n<p>Hydraulitechs comparte la informaci\u00f3n de los clientes entre las entidades comerciales propiedad de Hydraulitechs y las empresas que trabajan en nuestro nombre, pero solo en la medida necesaria para satisfacer sus requisitos de productos o servicios.<\/p>\n<p>Ocasionalmente, Hydraulitechs puede contratar a terceros proveedores de servicios y suministradores para ofrecer productos, servicios y soluciones completas a los clientes. Los proveedores y prestadores de servicios est\u00e1n obligados a mantener la confidencialidad de la informaci\u00f3n recibida en nombre de Hydraulitechs y no pueden utilizarla para ning\u00fan otro fin que no sea el de llevar a cabo los servicios que est\u00e1n realizando para Hydraulitechs. Estos proveedores de servicios pueden cambiar o podemos contratar a proveedores de servicios adicionales para atender mejor a nuestros clientes. Hydraulitechs no compartir\u00e1 informaci\u00f3n personal con ning\u00fan otro tercero sin su permiso, a menos que sea requerido por una acci\u00f3n de cumplimiento de la ley, una citaci\u00f3n o la legislaci\u00f3n local.   <\/p>\n<p>Hydraulitechs o sus entidades relacionadas podr\u00edan fusionarse con otra entidad comercial o ser adquiridas por ella, o podr\u00edan adquirirse algunos o todos sus activos respectivos. Si se produce tal combinaci\u00f3n o adquisici\u00f3n, Hydraulitechs har\u00e1 todos los esfuerzos razonables para notificarle en caso de que compartamos con la entidad que se fusiona o adquiere parte o la totalidad de su informaci\u00f3n personal para continuar prest\u00e1ndole servicio. <\/p>\n<h4>Sus opciones<\/h4>\n<p>Hydraulitechs le ofrece la posibilidad de recibir una variedad de informaci\u00f3n que complementa nuestros productos y servicios. Puede suscribirse para recibir determinada informaci\u00f3n espec\u00edfica sobre productos y servicios y comunicaciones de marketing de todo Hydraulitechs. Las comunicaciones de todo Hydraulitechs pueden incluir informaci\u00f3n sobre nuevos productos, ofertas especiales o una invitaci\u00f3n a participar en estudios de mercado. Le ofrecemos la posibilidad de elegir la forma de entrega de las comunicaciones de todo Hydraulitechs por correo postal, correo electr\u00f3nico y tel\u00e9fono. Puede realizar o cambiar sus elecciones en el punto de recogida de datos. Haremos todo lo posible por respetar sus preferencias. Esta opci\u00f3n no se aplica a las comunicaciones con el fin de administrar la finalizaci\u00f3n de pedidos, contratos, soporte, advertencias de seguridad de productos o actualizaciones de controladores.      <\/p>\n<h4>Su informaci\u00f3n y las terceras empresas<\/h4>\n<p>Ciertos servicios de Hydraulitechs est\u00e1n vinculados con los de terceras empresas no relacionadas, algunas de las cuales le ofrecen la opci\u00f3n de compartir tanto con Hydraulitechs como con el tercero los datos personales que usted proporcione. No compartiremos su informaci\u00f3n personal con esas terceras empresas a menos que usted tome esa decisi\u00f3n. <\/p>\n<h4>Acceso a su informaci\u00f3n y exactitud de la misma<\/h4>\n<p>Hydraulitechs se esfuerza por mantener la exactitud de su informaci\u00f3n personal. Hemos implementado tecnolog\u00eda, procesos de gesti\u00f3n y pol\u00edticas para mantener la exactitud de los datos de los clientes. Le proporcionaremos acceso a su informaci\u00f3n, incluyendo el esfuerzo razonable para proporcionarle acceso en l\u00ednea y la oportunidad de cambiar su informaci\u00f3n. Para proteger su privacidad y seguridad, tambi\u00e9n tomaremos medidas razonables para verificar su identidad, como una contrase\u00f1a e ID de usuario, antes de conceder el acceso a sus datos. Ciertas \u00e1reas de los sitios web de Hydraulitechs pueden limitar el acceso a personas espec\u00edficas mediante el uso de contrase\u00f1as y otros identificadores personales.    <\/p>\n<h4>Mantener su informaci\u00f3n segura<\/h4>\n<p>Hydraulitechs se compromete a proteger la informaci\u00f3n que nos facilita. Para evitar el acceso o la divulgaci\u00f3n no autorizados, mantener la exactitud de los datos y garantizar el uso adecuado de la informaci\u00f3n, Hydraulitechs cuenta con procedimientos f\u00edsicos y de gesti\u00f3n adecuados para salvaguardar la informaci\u00f3n que recopilamos. <\/p>\n<p>Utilizamos el cifrado Secure Sockets Layer (SSL) cuando recopilamos o transferimos datos sensibles, como la informaci\u00f3n de la tarjeta de cr\u00e9dito. El cifrado SSL est\u00e1 dise\u00f1ado para que la informaci\u00f3n sea ilegible para cualquier persona que no seamos nosotros. <\/p>\n<p>Esta medida de seguridad est\u00e1 funcionando cuando vea el s\u00edmbolo de una llave entera o un candado cerrado (dependiendo de su navegador) en la parte inferior de la ventana de su navegador.<\/p>\n<p>Los n\u00fameros de las tarjetas de cr\u00e9dito se utilizan \u00fanicamente para procesar el pago y no se utilizan para otros fines. Como parte del procesamiento de pagos en tiempo real, Hydraulitechs est\u00e1 suscrito a un servicio de gesti\u00f3n de fraude. <\/p>\n<p>Este servicio le ofrece a usted y a Hydraulitechs un nivel adicional de seguridad para protegerse contra el fraude con tarjetas de cr\u00e9dito y proteger sus datos financieros.<\/p>\n<h4>Contacto<\/h4>\n<p>Valoramos sus opiniones. Si tiene comentarios o preguntas sobre nuestra pol\u00edtica de privacidad, env\u00edelos a <a href=\"mailto:contact@hydraulitechs.com\">contact@hydraulitechs.com<\/a>. <\/p>\n<p>Esta declaraci\u00f3n de privacidad se aplica a Canad\u00e1.<\/p>[\/et_pb_text][\/et_pb_column][\/et_pb_row][\/et_pb_section]\n","protected":false},"excerpt":{"rendered":"<p>Pol\u00edtica de privacidad Sitios cubiertos por esta declaraci\u00f3n de pol\u00edtica Esta declaraci\u00f3n de privacidad se aplica a todos los sitios web y dominios propiedad de Hydraulitechs, as\u00ed como a nuestras filiales de propiedad absoluta (sitios web de Hydraulitechs). Enlaces a sitios web ajenos a Hydraulitechs Los sitios web de Hydraulitechs pueden facilitar enlaces a sitios [&hellip;]<\/p>\n","protected":false},"author":1,"featured_media":0,"parent":0,"menu_order":0,"comment_status":"closed","ping_status":"open","template":"","meta":{"_acf_changed":false,"_et_pb_use_builder":"on","_et_pb_old_content":"","_et_gb_content_width":"","footnotes":""},"class_list":["post-52583","page","type-page","status-publish","hentry"],"acf":[],"yoast_head":"<!-- This site is optimized with the Yoast SEO plugin v26.5 - https:\/\/yoast.com\/wordpress\/plugins\/seo\/ -->\n<title>Pol\u00edtica de privacidad - Hydraulitechs | Hydraulic Service | Tube Honing Machine | Saskatoon SK<\/title>\n<meta name=\"description\" content=\"dwg_privacy_policy_meta_description\" \/>\n<meta name=\"robots\" content=\"index, follow, max-snippet:-1, max-image-preview:large, max-video-preview:-1\" \/>\n<link rel=\"canonical\" href=\"http:\/\/hydraulitechs.com\/es\/politica-de-privacidad\/\" \/>\n<meta property=\"og:locale\" content=\"es_ES\" \/>\n<meta property=\"og:type\" content=\"article\" \/>\n<meta property=\"og:title\" content=\"Pol\u00edtica de privacidad - Hydraulitechs | Hydraulic Service | Tube Honing Machine | Saskatoon SK\" \/>\n<meta property=\"og:description\" content=\"dwg_privacy_policy_meta_description\" \/>\n<meta property=\"og:url\" content=\"http:\/\/hydraulitechs.com\/es\/politica-de-privacidad\/\" \/>\n<meta property=\"og:site_name\" content=\"Hydraulitechs | Hydraulic Service | Tube Honing Machine | Saskatoon SK\" \/>\n<meta property=\"article:modified_time\" content=\"2026-04-16T19:21:24+00:00\" \/>\n<meta name=\"twitter:card\" content=\"summary_large_image\" \/>\n<meta name=\"twitter:label1\" content=\"Tiempo de lectura\" \/>\n\t<meta name=\"twitter:data1\" content=\"9 minutos\" \/>\n<script type=\"application\/ld+json\" class=\"yoast-schema-graph\">{\"@context\":\"https:\/\/schema.org\",\"@graph\":[{\"@type\":\"WebPage\",\"@id\":\"http:\/\/hydraulitechs.com\/es\/politica-de-privacidad\/\",\"url\":\"http:\/\/hydraulitechs.com\/es\/politica-de-privacidad\/\",\"name\":\"Pol\u00edtica de privacidad - Hydraulitechs | Hydraulic Service | Tube Honing Machine | Saskatoon SK\",\"isPartOf\":{\"@id\":\"http:\/\/hydraulitechs.com\/es\/#website\"},\"datePublished\":\"2019-07-16T03:19:44+00:00\",\"dateModified\":\"2026-04-16T19:21:24+00:00\",\"description\":\"dwg_privacy_policy_meta_description\",\"breadcrumb\":{\"@id\":\"http:\/\/hydraulitechs.com\/es\/politica-de-privacidad\/#breadcrumb\"},\"inLanguage\":\"es\",\"potentialAction\":[{\"@type\":\"ReadAction\",\"target\":[\"http:\/\/hydraulitechs.com\/es\/politica-de-privacidad\/\"]}]},{\"@type\":\"BreadcrumbList\",\"@id\":\"http:\/\/hydraulitechs.com\/es\/politica-de-privacidad\/#breadcrumb\",\"itemListElement\":[{\"@type\":\"ListItem\",\"position\":1,\"name\":\"Home\",\"item\":\"https:\/\/hydraulitechs.com\/es\/\"},{\"@type\":\"ListItem\",\"position\":2,\"name\":\"Pol\u00edtica de privacidad\"}]},{\"@type\":\"WebSite\",\"@id\":\"http:\/\/hydraulitechs.com\/es\/#website\",\"url\":\"http:\/\/hydraulitechs.com\/es\/\",\"name\":\"Hydraulitechs | Hydraulic Service | Tube Honing Machine | Saskatoon SK\",\"description\":\"\",\"potentialAction\":[{\"@type\":\"SearchAction\",\"target\":{\"@type\":\"EntryPoint\",\"urlTemplate\":\"http:\/\/hydraulitechs.com\/es\/?s={search_term_string}\"},\"query-input\":{\"@type\":\"PropertyValueSpecification\",\"valueRequired\":true,\"valueName\":\"search_term_string\"}}],\"inLanguage\":\"es\"}]}<\/script>\n<!-- \/ Yoast SEO plugin. -->","yoast_head_json":{"title":"Pol\u00edtica de privacidad - Hydraulitechs | Hydraulic Service | Tube Honing Machine | Saskatoon SK","description":"dwg_privacy_policy_meta_description","robots":{"index":"index","follow":"follow","max-snippet":"max-snippet:-1","max-image-preview":"max-image-preview:large","max-video-preview":"max-video-preview:-1"},"canonical":"http:\/\/hydraulitechs.com\/es\/politica-de-privacidad\/","og_locale":"es_ES","og_type":"article","og_title":"Pol\u00edtica de privacidad - Hydraulitechs | Hydraulic Service | Tube Honing Machine | Saskatoon SK","og_description":"dwg_privacy_policy_meta_description","og_url":"http:\/\/hydraulitechs.com\/es\/politica-de-privacidad\/","og_site_name":"Hydraulitechs | Hydraulic Service | Tube Honing Machine | Saskatoon SK","article_modified_time":"2026-04-16T19:21:24+00:00","twitter_card":"summary_large_image","twitter_misc":{"Tiempo de lectura":"9 minutos"},"schema":{"@context":"https:\/\/schema.org","@graph":[{"@type":"WebPage","@id":"http:\/\/hydraulitechs.com\/es\/politica-de-privacidad\/","url":"http:\/\/hydraulitechs.com\/es\/politica-de-privacidad\/","name":"Pol\u00edtica de privacidad - Hydraulitechs | Hydraulic Service | Tube Honing Machine | Saskatoon SK","isPartOf":{"@id":"http:\/\/hydraulitechs.com\/es\/#website"},"datePublished":"2019-07-16T03:19:44+00:00","dateModified":"2026-04-16T19:21:24+00:00","description":"dwg_privacy_policy_meta_description","breadcrumb":{"@id":"http:\/\/hydraulitechs.com\/es\/politica-de-privacidad\/#breadcrumb"},"inLanguage":"es","potentialAction":[{"@type":"ReadAction","target":["http:\/\/hydraulitechs.com\/es\/politica-de-privacidad\/"]}]},{"@type":"BreadcrumbList","@id":"http:\/\/hydraulitechs.com\/es\/politica-de-privacidad\/#breadcrumb","itemListElement":[{"@type":"ListItem","position":1,"name":"Home","item":"https:\/\/hydraulitechs.com\/es\/"},{"@type":"ListItem","position":2,"name":"Pol\u00edtica de privacidad"}]},{"@type":"WebSite","@id":"http:\/\/hydraulitechs.com\/es\/#website","url":"http:\/\/hydraulitechs.com\/es\/","name":"Hydraulitechs | Hydraulic Service | Tube Honing Machine | Saskatoon SK","description":"","potentialAction":[{"@type":"SearchAction","target":{"@type":"EntryPoint","urlTemplate":"http:\/\/hydraulitechs.com\/es\/?s={search_term_string}"},"query-input":{"@type":"PropertyValueSpecification","valueRequired":true,"valueName":"search_term_string"}}],"inLanguage":"es"}]}},"_links":{"self":[{"href":"http:\/\/hydraulitechs.com\/es\/wp-json\/wp\/v2\/pages\/52583","targetHints":{"allow":["GET"]}}],"collection":[{"href":"http:\/\/hydraulitechs.com\/es\/wp-json\/wp\/v2\/pages"}],"about":[{"href":"http:\/\/hydraulitechs.com\/es\/wp-json\/wp\/v2\/types\/page"}],"author":[{"embeddable":true,"href":"http:\/\/hydraulitechs.com\/es\/wp-json\/wp\/v2\/users\/1"}],"replies":[{"embeddable":true,"href":"http:\/\/hydraulitechs.com\/es\/wp-json\/wp\/v2\/comments?post=52583"}],"version-history":[{"count":1,"href":"http:\/\/hydraulitechs.com\/es\/wp-json\/wp\/v2\/pages\/52583\/revisions"}],"predecessor-version":[{"id":52584,"href":"http:\/\/hydraulitechs.com\/es\/wp-json\/wp\/v2\/pages\/52583\/revisions\/52584"}],"wp:attachment":[{"href":"http:\/\/hydraulitechs.com\/es\/wp-json\/wp\/v2\/media?parent=52583"}],"curies":[{"name":"wp","href":"https:\/\/api.w.org\/{rel}","templated":true}]}}