{"id":52473,"date":"2025-05-26T00:43:19","date_gmt":"2025-05-26T06:43:19","guid":{"rendered":"http:\/\/hydraulitechs.com\/plan-du-site\/"},"modified":"2026-04-16T13:17:15","modified_gmt":"2026-04-16T19:17:15","slug":"plan-du-site","status":"publish","type":"page","link":"http:\/\/hydraulitechs.com\/fr\/plan-du-site\/","title":{"rendered":"Plan du site"},"content":{"rendered":"<p>[et_pb_section fb_built=\u00a0\u00bb1&Prime; _builder_version=\u00a0\u00bb4.21.0&Prime; _module_preset=\u00a0\u00bbdefault\u00a0\u00bb background_color=\u00a0\u00bb#093A63&Prime; background_image=\u00a0\u00bbhttp:\/\/hydraulitechs.com\/wp-content\/uploads\/2023\/07\/secondary-page-header-v3.jpg\u00a0\u00bb global_colors_info=\u00a0\u00bb{}\u00a0\u00bb theme_builder_area=\u00a0\u00bbpost_content\u00a0\u00bb][et_pb_row _builder_version=\u00a0\u00bb4.21.0&Prime; _module_preset=\u00a0\u00bbdefault\u00a0\u00bb custom_padding=\u00a0\u00bb||4px|||\u00a0\u00bb global_colors_info=\u00a0\u00bb{}\u00a0\u00bb theme_builder_area=\u00a0\u00bbpost_content\u00a0\u00bb][et_pb_column type=\u00a0\u00bb4_4&Prime; _builder_version=\u00a0\u00bb4.21.0&Prime; _module_preset=\u00a0\u00bbdefault\u00a0\u00bb global_colors_info=\u00a0\u00bb{}\u00a0\u00bb theme_builder_area=\u00a0\u00bbpost_content\u00a0\u00bb][et_pb_text _builder_version=\u00a0\u00bb4.27.2&Prime; _module_preset=\u00a0\u00bbdefault\u00a0\u00bb header_font=\u00a0\u00bbRoboto|700||on|||||\u00a0\u00bb header_text_color=\u00a0\u00bb#FFFFFF\u00a0\u00bb header_font_size=\u00a0\u00bb76px\u00a0\u00bb hover_enabled=\u00a0\u00bb0&Prime; header_font_size_tablet=\u00a0\u00bb76px\u00a0\u00bb header_font_size_phone=\u00a0\u00bb40px\u00a0\u00bb header_font_size_last_edited=\u00a0\u00bbon|phone\u00a0\u00bb global_colors_info=\u00a0\u00bb{}\u00a0\u00bb theme_builder_area=\u00a0\u00bbpost_content\u00a0\u00bb sticky_enabled=\u00a0\u00bb0&Prime;]<\/p>\n<h1 style=\"text-align: left;\">Plan du site<\/h1>\n<p>[\/et_pb_text][\/et_pb_column][\/et_pb_row][\/et_pb_section][et_pb_section fb_built=\u00a0\u00bb1&Prime; _builder_version=\u00a0\u00bb4.21.0&Prime; _module_preset=\u00a0\u00bbdefault\u00a0\u00bb global_colors_info=\u00a0\u00bb{}\u00a0\u00bb theme_builder_area=\u00a0\u00bbpost_content\u00a0\u00bb][et_pb_row _builder_version=\u00a0\u00bb4.27.2&Prime; _module_preset=\u00a0\u00bbdefault\u00a0\u00bb theme_builder_area=\u00a0\u00bbpost_content\u00a0\u00bb][et_pb_column _builder_version=\u00a0\u00bb4.27.2&Prime; _module_preset=\u00a0\u00bbdefault\u00a0\u00bb type=\u00a0\u00bb4_4&Prime; theme_builder_area=\u00a0\u00bbpost_content\u00a0\u00bb][et_pb_text _builder_version=\u00a0\u00bb4.27.2&Prime; _module_preset=\u00a0\u00bbdefault\u00a0\u00bb theme_builder_area=\u00a0\u00bbpost_content\u00a0\u00bb hover_enabled=\u00a0\u00bb0&Prime; sticky_enabled=\u00a0\u00bb0&Prime;]<b><a href=\"http:\/\/hydraulitechs.com\/fr\/\">Accueil<\/a><\/b><\/p>\n<ul style=\"margin-left:20px;\">\n<li><a href=\"http:\/\/hydraulitechs.com\/about-us-hydraulitechs\/\">\u00c0 propos de nous<\/a><\/li>\n<li><a href=\"http:\/\/hydraulitechs.com\/hydraulic-machine-shop-products\/\">Tous les produits<\/a><\/li>\n<li><a href=\"http:\/\/hydraulitechs.com\/hydraulic-machine-shop-products\/nutbuster-hydraulic-cylinder-repair-disassembly-bench\/\">Nutbuster<\/a><\/li>\n<li><a href=\"http:\/\/hydraulitechs.com\/hydraulic-machine-shop-products\/honing-machine\/\">Machine \u00e0 honer<\/a><\/li>\n<li><a href=\"http:\/\/hydraulitechs.com\/hydraulic-machine-shop-products\/rod-polisher\/\">Polisseuse de tiges<\/a><\/li>\n<li><a href=\"http:\/\/hydraulitechs.com\/hydraulic-machine-shop-products\/hydraulic-cylinder-chain-vise-stand\/\">Support d&rsquo;\u00e9tau \u00e0 cha\u00eene<\/a><\/li>\n<li><a href=\"http:\/\/hydraulitechs.com\/hydraulic-machine-shop-products\/test-rig\/\">Banc d&rsquo;essai<\/a><\/li>\n<li><a href=\"http:\/\/hydraulitechs.com\/contact-us\/\">Contact<\/a><\/li>\n<li><a href=\"http:\/\/hydraulitechs.com\/privacy-policy\/\">Politique de confidentialit\u00e9<\/a><\/li>\n<\/ul>\n<p>[\/et_pb_text][\/et_pb_column][\/et_pb_row][\/et_pb_section][et_pb_section fb_built=\u00a0\u00bb1&Prime; disabled_on=\u00a0\u00bbon|on|on\u00a0\u00bb _builder_version=\u00a0\u00bb4.21.0&Prime; _module_preset=\u00a0\u00bbdefault\u00a0\u00bb background_image=\u00a0\u00bbhttp:\/\/hydraulitechs.com\/wp-content\/uploads\/2023\/07\/world-background.jpg\u00a0\u00bb background_position=\u00a0\u00bbtop_center\u00a0\u00bb custom_padding=\u00a0\u00bb||35px|||\u00a0\u00bb disabled=\u00a0\u00bbon\u00a0\u00bb global_colors_info=\u00a0\u00bb{}\u00a0\u00bb theme_builder_area=\u00a0\u00bbpost_content\u00a0\u00bb][et_pb_row column_structure=\u00a0\u00bb1_5,3_5,1_5&Prime; _builder_version=\u00a0\u00bb4.27.2&Prime; _module_preset=\u00a0\u00bbdefault\u00a0\u00bb global_colors_info=\u00a0\u00bb{}\u00a0\u00bb theme_builder_area=\u00a0\u00bbpost_content\u00a0\u00bb][et_pb_column type=\u00a0\u00bb1_5&Prime; _builder_version=\u00a0\u00bb4.21.0&Prime; _module_preset=\u00a0\u00bbdefault\u00a0\u00bb global_colors_info=\u00a0\u00bb{}\u00a0\u00bb theme_builder_area=\u00a0\u00bbpost_content\u00a0\u00bb][\/et_pb_column][et_pb_column type=\u00a0\u00bb3_5&Prime; _builder_version=\u00a0\u00bb4.21.0&Prime; _module_preset=\u00a0\u00bbdefault\u00a0\u00bb global_colors_info=\u00a0\u00bb{}\u00a0\u00bb theme_builder_area=\u00a0\u00bbpost_content\u00a0\u00bb][et_pb_text _builder_version=\u00a0\u00bb4.21.0&Prime; _module_preset=\u00a0\u00bbdefault\u00a0\u00bb header_3_font=\u00a0\u00bb|||on|||||\u00a0\u00bb header_3_text_color=\u00a0\u00bb#FFFFFF\u00a0\u00bb global_colors_info=\u00a0\u00bb{}\u00a0\u00bb theme_builder_area=\u00a0\u00bbpost_content\u00a0\u00bb]<\/p>\n<h3>Demander un devis ou nous envoyer un message<\/h3>\n<p>[\/et_pb_text][et_pb_df_gravityform_injector id=\u00a0\u00bb3&Prime; title=\u00a0\u00bboff\u00a0\u00bb description=\u00a0\u00bboff\u00a0\u00bb fb_background_color=\u00a0\u00bb#DCA32F\u00a0\u00bb fb_background_color_hover=\u00a0\u00bb#dbb976&Prime; fb_text_color_hover=\u00a0\u00bb#FFFFFF\u00a0\u00bb fb_padding=\u00a0\u00bb15px|40px|15px|40px|false|false\u00a0\u00bb fb_margin=\u00a0\u00bb10px|15px|0|0|false|false\u00a0\u00bb input_background_color=\u00a0\u00bbrgba(255,255,255,0.5)\u00a0\u00bb _builder_version=\u00a0\u00bb4.21.0&Prime; _module_preset=\u00a0\u00bbdefault\u00a0\u00bb input_font=\u00a0\u00bb|700||on|||||\u00a0\u00bb input_text_color=\u00a0\u00bb#FFFFFF\u00a0\u00bb input_font_size=\u00a0\u00bb21px\u00a0\u00bb form_button_font=\u00a0\u00bb|700||on|||||\u00a0\u00bb form_button_text_color=\u00a0\u00bb#FFFFFF\u00a0\u00bb custom_padding=\u00a0\u00bb0px|0px|0px|0px|false|false\u00a0\u00bb hover_enabled=\u00a0\u00bb0&Prime; global_colors_info=\u00a0\u00bb{}\u00a0\u00bb theme_builder_area=\u00a0\u00bbpost_content\u00a0\u00bb sticky_enabled=\u00a0\u00bb0&Prime;][\/et_pb_df_gravityform_injector][\/et_pb_column][et_pb_column type=\u00a0\u00bb1_5&Prime; _builder_version=\u00a0\u00bb4.21.0&Prime; _module_preset=\u00a0\u00bbdefault\u00a0\u00bb global_colors_info=\u00a0\u00bb{}\u00a0\u00bb theme_builder_area=\u00a0\u00bbpost_content\u00a0\u00bb][\/et_pb_column][\/et_pb_row][\/et_pb_section]<\/p>\n","protected":false},"excerpt":{"rendered":"<p>Plan du siteAccueil \u00c0 propos de nous Tous les produits Nutbuster Machine \u00e0 honer Polisseuse de tiges Support d&rsquo;\u00e9tau \u00e0 cha\u00eene Banc d&rsquo;essai Contact Politique de confidentialit\u00e9 Demander un devis ou nous envoyer un message<\/p>\n","protected":false},"author":4,"featured_media":0,"parent":0,"menu_order":0,"comment_status":"closed","ping_status":"closed","template":"","meta":{"_acf_changed":false,"_et_pb_use_builder":"on","_et_pb_old_content":"","_et_gb_content_width":"","footnotes":""},"class_list":["post-52473","page","type-page","status-publish","hentry"],"acf":[],"yoast_head":"<!-- This site is optimized with the Yoast SEO plugin v26.5 - https:\/\/yoast.com\/wordpress\/plugins\/seo\/ -->\n<title>Plan du site - Hydraulitechs | Hydraulic Service | Tube Honing Machine | Saskatoon SK<\/title>\n<meta name=\"robots\" content=\"index, follow, max-snippet:-1, max-image-preview:large, max-video-preview:-1\" \/>\n<link rel=\"canonical\" href=\"http:\/\/hydraulitechs.com\/fr\/plan-du-site\/\" \/>\n<meta property=\"og:locale\" content=\"fr_FR\" \/>\n<meta property=\"og:type\" content=\"article\" \/>\n<meta property=\"og:title\" content=\"Plan du site - Hydraulitechs | Hydraulic Service | Tube Honing Machine | Saskatoon SK\" \/>\n<meta property=\"og:description\" content=\"Plan du siteAccueil \u00c0 propos de nous Tous les produits Nutbuster Machine \u00e0 honer Polisseuse de tiges Support d&#039;\u00e9tau \u00e0 cha\u00eene Banc d&#039;essai Contact Politique de confidentialit\u00e9 Demander un devis ou nous envoyer un message\" \/>\n<meta property=\"og:url\" content=\"http:\/\/hydraulitechs.com\/fr\/plan-du-site\/\" \/>\n<meta property=\"og:site_name\" content=\"Hydraulitechs | Hydraulic Service | Tube Honing Machine | Saskatoon SK\" \/>\n<meta property=\"article:modified_time\" content=\"2026-04-16T19:17:15+00:00\" \/>\n<meta name=\"twitter:card\" content=\"summary_large_image\" \/>\n<meta name=\"twitter:label1\" content=\"Dur\u00e9e de lecture estim\u00e9e\" \/>\n\t<meta name=\"twitter:data1\" content=\"2 minutes\" \/>\n<script type=\"application\/ld+json\" class=\"yoast-schema-graph\">{\"@context\":\"https:\/\/schema.org\",\"@graph\":[{\"@type\":\"WebPage\",\"@id\":\"http:\/\/hydraulitechs.com\/fr\/plan-du-site\/\",\"url\":\"http:\/\/hydraulitechs.com\/fr\/plan-du-site\/\",\"name\":\"Plan du site - Hydraulitechs | Hydraulic Service | Tube Honing Machine | Saskatoon SK\",\"isPartOf\":{\"@id\":\"http:\/\/hydraulitechs.com\/fr\/#website\"},\"datePublished\":\"2025-05-26T06:43:19+00:00\",\"dateModified\":\"2026-04-16T19:17:15+00:00\",\"breadcrumb\":{\"@id\":\"http:\/\/hydraulitechs.com\/fr\/plan-du-site\/#breadcrumb\"},\"inLanguage\":\"fr-FR\",\"potentialAction\":[{\"@type\":\"ReadAction\",\"target\":[\"http:\/\/hydraulitechs.com\/fr\/plan-du-site\/\"]}]},{\"@type\":\"BreadcrumbList\",\"@id\":\"http:\/\/hydraulitechs.com\/fr\/plan-du-site\/#breadcrumb\",\"itemListElement\":[{\"@type\":\"ListItem\",\"position\":1,\"name\":\"Home\",\"item\":\"https:\/\/hydraulitechs.com\/fr\/\"},{\"@type\":\"ListItem\",\"position\":2,\"name\":\"Plan du site\"}]},{\"@type\":\"WebSite\",\"@id\":\"http:\/\/hydraulitechs.com\/fr\/#website\",\"url\":\"http:\/\/hydraulitechs.com\/fr\/\",\"name\":\"Hydraulitechs | Hydraulic Service | Tube Honing Machine | Saskatoon SK\",\"description\":\"\",\"potentialAction\":[{\"@type\":\"SearchAction\",\"target\":{\"@type\":\"EntryPoint\",\"urlTemplate\":\"http:\/\/hydraulitechs.com\/fr\/?s={search_term_string}\"},\"query-input\":{\"@type\":\"PropertyValueSpecification\",\"valueRequired\":true,\"valueName\":\"search_term_string\"}}],\"inLanguage\":\"fr-FR\"}]}<\/script>\n<!-- \/ Yoast SEO plugin. -->","yoast_head_json":{"title":"Plan du site - Hydraulitechs | Hydraulic Service | Tube Honing Machine | Saskatoon SK","robots":{"index":"index","follow":"follow","max-snippet":"max-snippet:-1","max-image-preview":"max-image-preview:large","max-video-preview":"max-video-preview:-1"},"canonical":"http:\/\/hydraulitechs.com\/fr\/plan-du-site\/","og_locale":"fr_FR","og_type":"article","og_title":"Plan du site - Hydraulitechs | Hydraulic Service | Tube Honing Machine | Saskatoon SK","og_description":"Plan du siteAccueil \u00c0 propos de nous Tous les produits Nutbuster Machine \u00e0 honer Polisseuse de tiges Support d'\u00e9tau \u00e0 cha\u00eene Banc d'essai Contact Politique de confidentialit\u00e9 Demander un devis ou nous envoyer un message","og_url":"http:\/\/hydraulitechs.com\/fr\/plan-du-site\/","og_site_name":"Hydraulitechs | Hydraulic Service | Tube Honing Machine | Saskatoon SK","article_modified_time":"2026-04-16T19:17:15+00:00","twitter_card":"summary_large_image","twitter_misc":{"Dur\u00e9e de lecture estim\u00e9e":"2 minutes"},"schema":{"@context":"https:\/\/schema.org","@graph":[{"@type":"WebPage","@id":"http:\/\/hydraulitechs.com\/fr\/plan-du-site\/","url":"http:\/\/hydraulitechs.com\/fr\/plan-du-site\/","name":"Plan du site - Hydraulitechs | Hydraulic Service | Tube Honing Machine | Saskatoon SK","isPartOf":{"@id":"http:\/\/hydraulitechs.com\/fr\/#website"},"datePublished":"2025-05-26T06:43:19+00:00","dateModified":"2026-04-16T19:17:15+00:00","breadcrumb":{"@id":"http:\/\/hydraulitechs.com\/fr\/plan-du-site\/#breadcrumb"},"inLanguage":"fr-FR","potentialAction":[{"@type":"ReadAction","target":["http:\/\/hydraulitechs.com\/fr\/plan-du-site\/"]}]},{"@type":"BreadcrumbList","@id":"http:\/\/hydraulitechs.com\/fr\/plan-du-site\/#breadcrumb","itemListElement":[{"@type":"ListItem","position":1,"name":"Home","item":"https:\/\/hydraulitechs.com\/fr\/"},{"@type":"ListItem","position":2,"name":"Plan du site"}]},{"@type":"WebSite","@id":"http:\/\/hydraulitechs.com\/fr\/#website","url":"http:\/\/hydraulitechs.com\/fr\/","name":"Hydraulitechs | Hydraulic Service | Tube Honing Machine | Saskatoon SK","description":"","potentialAction":[{"@type":"SearchAction","target":{"@type":"EntryPoint","urlTemplate":"http:\/\/hydraulitechs.com\/fr\/?s={search_term_string}"},"query-input":{"@type":"PropertyValueSpecification","valueRequired":true,"valueName":"search_term_string"}}],"inLanguage":"fr-FR"}]}},"_links":{"self":[{"href":"http:\/\/hydraulitechs.com\/fr\/wp-json\/wp\/v2\/pages\/52473","targetHints":{"allow":["GET"]}}],"collection":[{"href":"http:\/\/hydraulitechs.com\/fr\/wp-json\/wp\/v2\/pages"}],"about":[{"href":"http:\/\/hydraulitechs.com\/fr\/wp-json\/wp\/v2\/types\/page"}],"author":[{"embeddable":true,"href":"http:\/\/hydraulitechs.com\/fr\/wp-json\/wp\/v2\/users\/4"}],"replies":[{"embeddable":true,"href":"http:\/\/hydraulitechs.com\/fr\/wp-json\/wp\/v2\/comments?post=52473"}],"version-history":[{"count":2,"href":"http:\/\/hydraulitechs.com\/fr\/wp-json\/wp\/v2\/pages\/52473\/revisions"}],"predecessor-version":[{"id":52477,"href":"http:\/\/hydraulitechs.com\/fr\/wp-json\/wp\/v2\/pages\/52473\/revisions\/52477"}],"wp:attachment":[{"href":"http:\/\/hydraulitechs.com\/fr\/wp-json\/wp\/v2\/media?parent=52473"}],"curies":[{"name":"wp","href":"https:\/\/api.w.org\/{rel}","templated":true}]}}