{"id":52581,"date":"2019-07-15T21:19:44","date_gmt":"2019-07-16T03:19:44","guid":{"rendered":"http:\/\/hydraulitechs.com\/politique-de-confidentialite\/"},"modified":"2026-04-16T13:21:16","modified_gmt":"2026-04-16T19:21:16","slug":"politique-de-confidentialite","status":"publish","type":"page","link":"http:\/\/hydraulitechs.com\/fr\/politique-de-confidentialite\/","title":{"rendered":"Politique de confidentialit\u00e9"},"content":{"rendered":"\n[et_pb_section fb_built=\u00a0\u00bb1&Prime; admin_label=\u00a0\u00bbBlog\u00a0\u00bb _builder_version=\u00a0\u00bb3.22&Prime;][et_pb_row _builder_version=\u00a0\u00bb3.26.5&Prime;][et_pb_column type=\u00a0\u00bb4_4&Prime; _builder_version=\u00a0\u00bb3.26.5&Prime;][et_pb_text _builder_version=\u00a0\u00bb4.5.3&Prime; hover_enabled=\u00a0\u00bb0&Prime;]<h1>Politique de confidentialit\u00e9<\/h1>\n<h4>Sites couverts par la pr\u00e9sente Politique de confidentialit\u00e9<\/h4>\n<p>La pr\u00e9sente Politique de confidentialit\u00e9 s\u2019applique \u00e0 tous les sites web et domaines appartenant \u00e0 Hydraulitechs, ainsi qu\u2019\u00e0 nos filiales \u00e0 100 % (sites web Hydraulitechs).<\/p>\n<h4>Liens vers des sites web externes \u00e0 Hydraulitechs<\/h4>\n<p>Les sites web Hydraulitechs peuvent fournir des liens vers des sites web tiers pour votre commodit\u00e9 et votre information. Si vous acc\u00e9dez \u00e0 ces liens, vous quitterez le site web Hydraulitechs. Hydraulitechs ne contr\u00f4le pas ces sites ni leurs pratiques en mati\u00e8re de confidentialit\u00e9, qui peuvent diff\u00e9rer de celles d\u2019Hydraulitechs. Nous n\u2019approuvons ni ne faisons aucune d\u00e9claration concernant les sites web tiers. Les donn\u00e9es personnelles que vous choisissez de fournir \u00e0 des tiers non li\u00e9s ne sont pas couvertes par la Politique de confidentialit\u00e9 d\u2019Hydraulitechs. Nous vous encourageons \u00e0 consulter la politique de confidentialit\u00e9 de toute entreprise avant de soumettre vos informations personnelles. Certaines entreprises tierces peuvent choisir de partager leurs donn\u00e9es personnelles avec Hydraulitechs ; ce partage est r\u00e9gi par la politique de confidentialit\u00e9 de cette entreprise tierce.      <\/p>\n<h4>Types d\u2019informations que nous recueillons<\/h4>\n<p>La pr\u00e9sente Politique de confidentialit\u00e9 couvre les informations personnelles, la collecte de donn\u00e9es non personnelles et les rapports agr\u00e9g\u00e9s.<\/p>\n<p>Les informations personnelles sont des informations associ\u00e9es \u00e0 votre nom ou \u00e0 votre identit\u00e9 personnelle. Hydraulitechs utilise les informations personnelles pour mieux comprendre vos besoins et vos int\u00e9r\u00eats et pour vous offrir un meilleur service. Une fois que vous choisissez de nous fournir des informations personnelles, vous pouvez \u00eatre assur\u00e9 qu\u2019elles ne seront utilis\u00e9es que pour soutenir votre relation client avec Hydraulitechs. Nous prenons au s\u00e9rieux la confiance que vous nous accordez. Hydraulitechs ne vendra, ne louera ni ne c\u00e9dera vos informations personnelles \u00e0 des tiers.    <\/p>\n<p>Sur certaines pages et liens d\u2019Hydraulitechs, vous pouvez commander des produits ou des services, demander des informations, vous abonner \u00e0 des supports marketing ou d\u2019assistance, vous inscrire ou postuler \u00e0 un emploi chez Hydraulitechs. Les types d\u2019informations personnelles que vous nous fournissez sur ces pages peuvent inclure le nom, l\u2019adresse, le num\u00e9ro de t\u00e9l\u00e9phone, l\u2019adresse e-mail, les identifiants et mots de passe d\u2019utilisateur, les informations de facturation et de transaction, les informations de carte de cr\u00e9dit, les pr\u00e9f\u00e9rences de contact, les ant\u00e9c\u00e9dents scolaires et professionnels, et les donn\u00e9es d\u2019int\u00e9r\u00eat professionnel. <\/p>\n<p>Les informations non personnelles sont des donn\u00e9es sur l\u2019utilisation et le fonctionnement du service qui ne sont pas associ\u00e9es \u00e0 une identit\u00e9 personnelle sp\u00e9cifique. Hydraulitechs collecte et analyse les informations non personnelles pour \u00e9valuer la mani\u00e8re dont les visiteurs utilisent le site web Hydraulitechs. <\/p>\n<p>Les donn\u00e9es non personnelles que nous recueillons peuvent inclure les pages visit\u00e9es sur les sites web Hydraulitechs, les URL uniques visit\u00e9es sur notre site web, le type de navigateur et l\u2019adresse IP. La plupart des donn\u00e9es non personnelles sont collect\u00e9es via des cookies ou d\u2019autres technologies d\u2019analyse. <\/p>\n<h4>Confidentialit\u00e9 des enfants<\/h4>\n<p>Hydraulitechs s\u2019engage \u00e0 prot\u00e9ger les besoins de confidentialit\u00e9 des enfants et nous encourageons les parents et tuteurs \u00e0 jouer un r\u00f4le actif dans les activit\u00e9s et les int\u00e9r\u00eats en ligne de leurs enfants. Hydraulitechs ne collecte pas sciemment d\u2019informations aupr\u00e8s d\u2019enfants de moins de 13 ans et Hydraulitechs ne cible pas son site web vers les enfants de moins de 13 ans. <\/p>\n<h4>Comment nous utilisons vos informations<\/h4>\n<p>Hydraulitechs utilise vos informations personnelles pour vous fournir des services et pour nous aider \u00e0 mieux comprendre vos besoins et vos int\u00e9r\u00eats. Plus pr\u00e9cis\u00e9ment, nous utilisons vos informations pour vous aider \u00e0 effectuer une transaction ou une commande, pour communiquer avec vous, pour fournir un service et un support, pour vous informer des services et avantages, pour personnaliser les offres promotionnelles et pour personnaliser le site web Hydraulitechs. <\/p>\n<p>Occasionnellement, nous pouvons \u00e9galement utiliser vos informations pour vous contacter \u00e0 des fins d\u2019\u00e9tude de march\u00e9 concernant les produits ou services Hydraulitechs. Nous vous donnerons la possibilit\u00e9 de choisir vos pr\u00e9f\u00e9rences de confidentialit\u00e9 concernant ces communications. Vous pouvez, \u00e0 tout moment, nous contacter pour demander une option d\u2019adh\u00e9sion pour de futures communications. Les informations de carte de cr\u00e9dit sont utilis\u00e9es uniquement pour le traitement des paiements et la pr\u00e9vention de la fraude.   <\/p>\n<p>Ces informations ne sont utilis\u00e9es \u00e0 aucune autre fin par nos fournisseurs de services financiers ou Hydraulitechs et ne seront pas conserv\u00e9es plus longtemps que n\u00e9cessaire pour la fourniture des services, sauf si vous nous demandez de conserver vos informations de carte de cr\u00e9dit pour de futurs achats.<\/p>\n<p>Les donn\u00e9es personnelles collect\u00e9es en ligne peuvent \u00e9galement \u00eatre combin\u00e9es avec les informations que vous fournissez \u00e0 Hydraulitechs par d\u2019autres sources telles que l\u2019enregistrement de produits, les centres d\u2019appels ou les \u00e9v\u00e9nements publics tels que les salons professionnels ou les s\u00e9minaires.<\/p>\n<p>Les donn\u00e9es personnelles fournies \u00e0 Hydraulitechs peuvent \u00eatre transf\u00e9r\u00e9es \u00e0 travers les fronti\u00e8res des \u00c9tats, des provinces et\/ou des pays \u00e0 des fins de consolidation des donn\u00e9es, de stockage et de gestion simplifi\u00e9e des informations client.<\/p>\n<p>Les donn\u00e9es non personnelles sont agr\u00e9g\u00e9es pour des rapports sur l\u2019utilisabilit\u00e9, la performance et l\u2019efficacit\u00e9 du site web Hydraulitechs. Elles sont utilis\u00e9es pour am\u00e9liorer l\u2019exp\u00e9rience client, l\u2019utilisabilit\u00e9 et le contenu du site. <\/p>\n<h4>Avec qui nous partageons vos informations<\/h4>\n<p>Hydraulitechs ne vendra, ne louera ni ne c\u00e9dera vos informations personnelles \u00e0 des tiers. Hydraulitechs ne partagera pas vos informations personnelles avec des tiers, sauf pour r\u00e9pondre \u00e0 vos demandes de produits ou de services. Votre permission sera demand\u00e9e lorsque vous soumettrez vos informations.  <\/p>\n<p>Hydraulitechs partage les informations client entre les entit\u00e9s commerciales appartenant \u00e0 Hydraulitechs et les entreprises travaillant en notre nom, mais uniquement dans la mesure n\u00e9cessaire pour r\u00e9pondre \u00e0 vos exigences en mati\u00e8re de produits ou de services.<\/p>\n<p>Hydraulitechs peut occasionnellement conclure des contrats avec des fournisseurs de services tiers pour livrer des produits, services et solutions client complets. Les fournisseurs et prestataires de services sont tenus de garder confidentielles les informations re\u00e7ues au nom d\u2019Hydraulitechs et ne peuvent les utiliser \u00e0 d\u2019autres fins que l\u2019ex\u00e9cution des services qu\u2019ils fournissent pour Hydraulitechs. Ces prestataires de services peuvent changer ou nous pouvons contracter avec des prestataires de services suppl\u00e9mentaires pour mieux satisfaire nos clients. Hydraulitechs ne partagera pas d\u2019informations personnelles avec d\u2019autres tiers sans votre permission, sauf si requis par une action des forces de l\u2019ordre, une assignation \u00e0 compara\u00eetre ou la loi locale.   <\/p>\n<p>Hydraulitechs ou ses entit\u00e9s li\u00e9es pourraient fusionner avec ou \u00eatre acquises par une autre entit\u00e9 commerciale ou tout ou partie de leurs actifs respectifs pourraient \u00eatre acquis. Si une telle combinaison ou acquisition se produit, Hydraulitechs fera tout son possible pour vous informer si nous partageons avec l\u2019entit\u00e9 fusionnante ou acqu\u00e9reuse tout ou partie de vos informations personnelles afin de continuer \u00e0 vous servir. <\/p>\n<h4>Vos choix<\/h4>\n<p>Hydraulitechs vous offre le choix de recevoir une vari\u00e9t\u00e9 d\u2019informations qui compl\u00e8tent nos produits et services. Vous pouvez vous abonner pour recevoir des informations sp\u00e9cifiques aux produits et services et des communications marketing \u00e0 l\u2019\u00e9chelle d\u2019Hydraulitechs. Les communications \u00e0 l\u2019\u00e9chelle d\u2019Hydraulitechs peuvent inclure des informations sur les nouveaux produits, des offres sp\u00e9ciales ou une invitation \u00e0 participer \u00e0 des \u00e9tudes de march\u00e9. Nous vous donnons le choix concernant la livraison des communications \u00e0 l\u2019\u00e9chelle d\u2019Hydraulitechs par courrier postal, e-mail et t\u00e9l\u00e9phone. Vous pouvez faire ou modifier vos choix au point de collecte des donn\u00e9es. Nous ferons tout notre possible pour honorer vos pr\u00e9f\u00e9rences. Cette option ne s\u2019applique pas aux communications ayant pour but l\u2019administration de la finalisation des commandes, des contrats, du support, des avertissements de s\u00e9curit\u00e9 des produits ou des mises \u00e0 jour de pilotes.      <\/p>\n<h4>Vos informations et les entreprises tierces<\/h4>\n<p>Certains services Hydraulitechs sont li\u00e9s \u00e0 ceux d\u2019entreprises tierces non li\u00e9es, dont certaines vous offrent la possibilit\u00e9 de partager avec Hydraulitechs et le tiers les donn\u00e9es personnelles que vous fournissez. Nous ne partagerons pas vos informations personnelles avec ces entreprises tierces, sauf si vous faites ce choix. <\/p>\n<h4>Acc\u00e8s et exactitude de vos informations<\/h4>\n<p>Hydraulitechs s\u2019efforce de maintenir l\u2019exactitude de vos informations personnelles. Nous avons mis en \u0153uvre des technologies, des processus de gestion et des politiques pour maintenir l\u2019exactitude des donn\u00e9es client. Nous vous donnerons acc\u00e8s \u00e0 vos informations, y compris en faisant des efforts raisonnables pour vous fournir un acc\u00e8s en ligne et la possibilit\u00e9 de modifier vos informations. Pour prot\u00e9ger votre vie priv\u00e9e et votre s\u00e9curit\u00e9, nous prendrons \u00e9galement des mesures raisonnables pour v\u00e9rifier votre identit\u00e9, telles qu\u2019un mot de passe et un identifiant d\u2019utilisateur, avant d\u2019accorder l\u2019acc\u00e8s \u00e0 vos donn\u00e9es. Certaines zones des sites web d\u2019Hydraulitechs peuvent limiter l\u2019acc\u00e8s \u00e0 des individus sp\u00e9cifiques par l\u2019utilisation de mots de passe et d\u2019autres identifiants personnels.    <\/p>\n<h4>S\u00e9curisation de vos informations<\/h4>\n<p>Hydraulitechs s\u2019engage \u00e0 prot\u00e9ger les informations que vous nous fournissez. Pour emp\u00eacher tout acc\u00e8s ou divulgation non autoris\u00e9, pour maintenir l\u2019exactitude des donn\u00e9es et pour garantir l\u2019utilisation appropri\u00e9e des informations, Hydraulitechs a mis en place des proc\u00e9dures physiques et manag\u00e9riales appropri\u00e9es pour sauvegarder les informations que nous recueillons. <\/p>\n<p>Nous utilisons le chiffrement Secure Sockets Layer (SSL) lors de la collecte ou du transfert de donn\u00e9es sensibles telles que les informations de carte de cr\u00e9dit. Le chiffrement SSL est con\u00e7u pour rendre les informations illisibles par quiconque, sauf nous. <\/p>\n<p>Cette mesure de s\u00e9curit\u00e9 fonctionne lorsque vous voyez le symbole d\u2019une cl\u00e9 intacte ou d\u2019un cadenas ferm\u00e9 (selon votre navigateur) en bas de la fen\u00eatre de votre navigateur.<\/p>\n<p>Les num\u00e9ros de carte de cr\u00e9dit sont utilis\u00e9s uniquement pour le traitement des paiements et ne sont pas utilis\u00e9s \u00e0 d\u2019autres fins. Dans le cadre du traitement des paiements en temps r\u00e9el, Hydraulitechs souscrit \u00e0 un service de gestion de la fraude. <\/p>\n<p>Ce service vous offre, ainsi qu\u2019\u00e0 Hydraulitechs, un niveau de s\u00e9curit\u00e9 suppl\u00e9mentaire pour vous prot\u00e9ger contre la fraude par carte de cr\u00e9dit et pour prot\u00e9ger vos donn\u00e9es financi\u00e8res.<\/p>\n<h4>Nous contacter<\/h4>\n<p>Nous appr\u00e9cions vos opinions. Si vous avez des commentaires ou des questions concernant notre politique de confidentialit\u00e9, veuillez les envoyer \u00e0 <a href=\"mailto:contact@hydraulitechs.com\">contact@hydraulitechs.com<\/a>. <\/p>\n<p>La pr\u00e9sente d\u00e9claration de confidentialit\u00e9 s\u2019applique au Canada.<\/p>[\/et_pb_text][\/et_pb_column][\/et_pb_row][\/et_pb_section]\n","protected":false},"excerpt":{"rendered":"<p>Politique de confidentialit\u00e9 Sites couverts par la pr\u00e9sente Politique de confidentialit\u00e9 La pr\u00e9sente Politique de confidentialit\u00e9 s\u2019applique \u00e0 tous les sites web et domaines appartenant \u00e0 Hydraulitechs, ainsi qu\u2019\u00e0 nos filiales \u00e0 100 % (sites web Hydraulitechs). Liens vers des sites web externes \u00e0 Hydraulitechs Les sites web Hydraulitechs peuvent fournir des liens vers des [&hellip;]<\/p>\n","protected":false},"author":1,"featured_media":0,"parent":0,"menu_order":0,"comment_status":"closed","ping_status":"open","template":"","meta":{"_acf_changed":false,"_et_pb_use_builder":"on","_et_pb_old_content":"","_et_gb_content_width":"","footnotes":""},"class_list":["post-52581","page","type-page","status-publish","hentry"],"acf":[],"yoast_head":"<!-- This site is optimized with the Yoast SEO plugin v26.5 - https:\/\/yoast.com\/wordpress\/plugins\/seo\/ -->\n<title>Politique de confidentialit\u00e9 - Hydraulitechs | Hydraulic Service | Tube Honing Machine | Saskatoon SK<\/title>\n<meta name=\"description\" content=\"dwg_description_m\u00e9ta_politique_de_confidentialit\u00e9\" \/>\n<meta name=\"robots\" content=\"index, follow, max-snippet:-1, max-image-preview:large, max-video-preview:-1\" \/>\n<link rel=\"canonical\" href=\"http:\/\/hydraulitechs.com\/fr\/politique-de-confidentialite\/\" \/>\n<meta property=\"og:locale\" content=\"fr_FR\" \/>\n<meta property=\"og:type\" content=\"article\" \/>\n<meta property=\"og:title\" content=\"Politique de confidentialit\u00e9 - Hydraulitechs | Hydraulic Service | Tube Honing Machine | Saskatoon SK\" \/>\n<meta property=\"og:description\" content=\"dwg_description_m\u00e9ta_politique_de_confidentialit\u00e9\" \/>\n<meta property=\"og:url\" content=\"http:\/\/hydraulitechs.com\/fr\/politique-de-confidentialite\/\" \/>\n<meta property=\"og:site_name\" content=\"Hydraulitechs | Hydraulic Service | Tube Honing Machine | Saskatoon SK\" \/>\n<meta property=\"article:modified_time\" content=\"2026-04-16T19:21:16+00:00\" \/>\n<meta name=\"twitter:card\" content=\"summary_large_image\" \/>\n<meta name=\"twitter:label1\" content=\"Dur\u00e9e de lecture estim\u00e9e\" \/>\n\t<meta name=\"twitter:data1\" content=\"9 minutes\" \/>\n<script type=\"application\/ld+json\" class=\"yoast-schema-graph\">{\"@context\":\"https:\/\/schema.org\",\"@graph\":[{\"@type\":\"WebPage\",\"@id\":\"http:\/\/hydraulitechs.com\/fr\/politique-de-confidentialite\/\",\"url\":\"http:\/\/hydraulitechs.com\/fr\/politique-de-confidentialite\/\",\"name\":\"Politique de confidentialit\u00e9 - Hydraulitechs | Hydraulic Service | Tube Honing Machine | Saskatoon SK\",\"isPartOf\":{\"@id\":\"http:\/\/hydraulitechs.com\/fr\/#website\"},\"datePublished\":\"2019-07-16T03:19:44+00:00\",\"dateModified\":\"2026-04-16T19:21:16+00:00\",\"description\":\"dwg_description_m\u00e9ta_politique_de_confidentialit\u00e9\",\"breadcrumb\":{\"@id\":\"http:\/\/hydraulitechs.com\/fr\/politique-de-confidentialite\/#breadcrumb\"},\"inLanguage\":\"fr-FR\",\"potentialAction\":[{\"@type\":\"ReadAction\",\"target\":[\"http:\/\/hydraulitechs.com\/fr\/politique-de-confidentialite\/\"]}]},{\"@type\":\"BreadcrumbList\",\"@id\":\"http:\/\/hydraulitechs.com\/fr\/politique-de-confidentialite\/#breadcrumb\",\"itemListElement\":[{\"@type\":\"ListItem\",\"position\":1,\"name\":\"Home\",\"item\":\"https:\/\/hydraulitechs.com\/fr\/\"},{\"@type\":\"ListItem\",\"position\":2,\"name\":\"Politique de confidentialit\u00e9\"}]},{\"@type\":\"WebSite\",\"@id\":\"http:\/\/hydraulitechs.com\/fr\/#website\",\"url\":\"http:\/\/hydraulitechs.com\/fr\/\",\"name\":\"Hydraulitechs | Hydraulic Service | Tube Honing Machine | Saskatoon SK\",\"description\":\"\",\"potentialAction\":[{\"@type\":\"SearchAction\",\"target\":{\"@type\":\"EntryPoint\",\"urlTemplate\":\"http:\/\/hydraulitechs.com\/fr\/?s={search_term_string}\"},\"query-input\":{\"@type\":\"PropertyValueSpecification\",\"valueRequired\":true,\"valueName\":\"search_term_string\"}}],\"inLanguage\":\"fr-FR\"}]}<\/script>\n<!-- \/ Yoast SEO plugin. -->","yoast_head_json":{"title":"Politique de confidentialit\u00e9 - Hydraulitechs | Hydraulic Service | Tube Honing Machine | Saskatoon SK","description":"dwg_description_m\u00e9ta_politique_de_confidentialit\u00e9","robots":{"index":"index","follow":"follow","max-snippet":"max-snippet:-1","max-image-preview":"max-image-preview:large","max-video-preview":"max-video-preview:-1"},"canonical":"http:\/\/hydraulitechs.com\/fr\/politique-de-confidentialite\/","og_locale":"fr_FR","og_type":"article","og_title":"Politique de confidentialit\u00e9 - Hydraulitechs | Hydraulic Service | Tube Honing Machine | Saskatoon SK","og_description":"dwg_description_m\u00e9ta_politique_de_confidentialit\u00e9","og_url":"http:\/\/hydraulitechs.com\/fr\/politique-de-confidentialite\/","og_site_name":"Hydraulitechs | Hydraulic Service | Tube Honing Machine | Saskatoon SK","article_modified_time":"2026-04-16T19:21:16+00:00","twitter_card":"summary_large_image","twitter_misc":{"Dur\u00e9e de lecture estim\u00e9e":"9 minutes"},"schema":{"@context":"https:\/\/schema.org","@graph":[{"@type":"WebPage","@id":"http:\/\/hydraulitechs.com\/fr\/politique-de-confidentialite\/","url":"http:\/\/hydraulitechs.com\/fr\/politique-de-confidentialite\/","name":"Politique de confidentialit\u00e9 - Hydraulitechs | Hydraulic Service | Tube Honing Machine | Saskatoon SK","isPartOf":{"@id":"http:\/\/hydraulitechs.com\/fr\/#website"},"datePublished":"2019-07-16T03:19:44+00:00","dateModified":"2026-04-16T19:21:16+00:00","description":"dwg_description_m\u00e9ta_politique_de_confidentialit\u00e9","breadcrumb":{"@id":"http:\/\/hydraulitechs.com\/fr\/politique-de-confidentialite\/#breadcrumb"},"inLanguage":"fr-FR","potentialAction":[{"@type":"ReadAction","target":["http:\/\/hydraulitechs.com\/fr\/politique-de-confidentialite\/"]}]},{"@type":"BreadcrumbList","@id":"http:\/\/hydraulitechs.com\/fr\/politique-de-confidentialite\/#breadcrumb","itemListElement":[{"@type":"ListItem","position":1,"name":"Home","item":"https:\/\/hydraulitechs.com\/fr\/"},{"@type":"ListItem","position":2,"name":"Politique de confidentialit\u00e9"}]},{"@type":"WebSite","@id":"http:\/\/hydraulitechs.com\/fr\/#website","url":"http:\/\/hydraulitechs.com\/fr\/","name":"Hydraulitechs | Hydraulic Service | Tube Honing Machine | Saskatoon SK","description":"","potentialAction":[{"@type":"SearchAction","target":{"@type":"EntryPoint","urlTemplate":"http:\/\/hydraulitechs.com\/fr\/?s={search_term_string}"},"query-input":{"@type":"PropertyValueSpecification","valueRequired":true,"valueName":"search_term_string"}}],"inLanguage":"fr-FR"}]}},"_links":{"self":[{"href":"http:\/\/hydraulitechs.com\/fr\/wp-json\/wp\/v2\/pages\/52581","targetHints":{"allow":["GET"]}}],"collection":[{"href":"http:\/\/hydraulitechs.com\/fr\/wp-json\/wp\/v2\/pages"}],"about":[{"href":"http:\/\/hydraulitechs.com\/fr\/wp-json\/wp\/v2\/types\/page"}],"author":[{"embeddable":true,"href":"http:\/\/hydraulitechs.com\/fr\/wp-json\/wp\/v2\/users\/1"}],"replies":[{"embeddable":true,"href":"http:\/\/hydraulitechs.com\/fr\/wp-json\/wp\/v2\/comments?post=52581"}],"version-history":[{"count":1,"href":"http:\/\/hydraulitechs.com\/fr\/wp-json\/wp\/v2\/pages\/52581\/revisions"}],"predecessor-version":[{"id":52582,"href":"http:\/\/hydraulitechs.com\/fr\/wp-json\/wp\/v2\/pages\/52581\/revisions\/52582"}],"wp:attachment":[{"href":"http:\/\/hydraulitechs.com\/fr\/wp-json\/wp\/v2\/media?parent=52581"}],"curies":[{"name":"wp","href":"https:\/\/api.w.org\/{rel}","templated":true}]}}