{"id":52462,"date":"2025-05-08T00:53:08","date_gmt":"2025-05-08T06:53:08","guid":{"rendered":"http:\/\/hydraulitechs.com\/merci\/"},"modified":"2026-04-16T13:16:49","modified_gmt":"2026-04-16T19:16:49","slug":"merci","status":"publish","type":"page","link":"https:\/\/hydraulitechs.com\/fr\/merci\/","title":{"rendered":"Merci"},"content":{"rendered":"<p>[et_pb_section fb_built=\u00a0\u00bb1&Prime; _builder_version=\u00a0\u00bb4.21.0&Prime; _module_preset=\u00a0\u00bbdefault\u00a0\u00bb background_color=\u00a0\u00bb#093A63&Prime; background_image=\u00a0\u00bbhttp:\/\/hydraulitechs.com\/wp-content\/uploads\/2023\/07\/secondary-page-header-v3.jpg\u00a0\u00bb global_colors_info=\u00a0\u00bb{}\u00a0\u00bb][et_pb_row _builder_version=\u00a0\u00bb4.21.0&Prime; _module_preset=\u00a0\u00bbdefault\u00a0\u00bb custom_padding=\u00a0\u00bb||4px|||\u00a0\u00bb global_colors_info=\u00a0\u00bb{}\u00a0\u00bb][et_pb_column type=\u00a0\u00bb4_4&Prime; _builder_version=\u00a0\u00bb4.21.0&Prime; _module_preset=\u00a0\u00bbdefault\u00a0\u00bb global_colors_info=\u00a0\u00bb{}\u00a0\u00bb][et_pb_text _builder_version=\u00a0\u00bb4.27.2&Prime; _module_preset=\u00a0\u00bbdefault\u00a0\u00bb header_font=\u00a0\u00bbRoboto|700||on|||||\u00a0\u00bb header_text_color=\u00a0\u00bb#FFFFFF\u00a0\u00bb header_font_size=\u00a0\u00bb76px\u00a0\u00bb header_font_size_tablet=\u00a0\u00bb76px\u00a0\u00bb header_font_size_phone=\u00a0\u00bb40px\u00a0\u00bb header_font_size_last_edited=\u00a0\u00bbon|phone\u00a0\u00bb global_colors_info=\u00a0\u00bb{}\u00a0\u00bb]<\/p>\n<h1>MERCI<\/h1>\n<p>[\/et_pb_text][\/et_pb_column][\/et_pb_row][\/et_pb_section][et_pb_section fb_built=\u00a0\u00bb1&Prime; _builder_version=\u00a0\u00bb4.21.0&Prime; _module_preset=\u00a0\u00bbdefault\u00a0\u00bb global_colors_info=\u00a0\u00bb{}\u00a0\u00bb][et_pb_row column_structure=\u00a0\u00bb1_3,1_3,1_3&Prime; _builder_version=\u00a0\u00bb4.21.0&Prime; _module_preset=\u00a0\u00bbdefault\u00a0\u00bb global_colors_info=\u00a0\u00bb{}\u00a0\u00bb][et_pb_column type=\u00a0\u00bb1_3&Prime; _builder_version=\u00a0\u00bb4.21.0&Prime; _module_preset=\u00a0\u00bbdefault\u00a0\u00bb global_colors_info=\u00a0\u00bb{}\u00a0\u00bb][et_pb_blurb title=\u00a0\u00bbAPPELEZ OU \u00c9CRIVEZ\u00a0\u00bb use_icon=\u00a0\u00bbon\u00a0\u00bb font_icon=\u00a0\u00bb&#xf3cd;||fa||900&Prime; _builder_version=\u00a0\u00bb4.21.0&Prime; _module_preset=\u00a0\u00bbdefault\u00a0\u00bb header_level=\u00a0\u00bbh2&Prime; header_text_align=\u00a0\u00bbcenter\u00a0\u00bb body_text_align=\u00a0\u00bbcenter\u00a0\u00bb global_colors_info=\u00a0\u00bb{}\u00a0\u00bb]<\/p>\n<p><a href=\"tel:1%20(306)%20683-1960\">(306) 683-1960<\/a><br \/>\n <a href=\"mailto:contact@hydraulitechs.com\">contact@hydraulitechs.com<\/a><\/p>\n<p>[\/et_pb_blurb][\/et_pb_column][et_pb_column type=\u00a0\u00bb1_3&Prime; _builder_version=\u00a0\u00bb4.21.0&Prime; _module_preset=\u00a0\u00bbdefault\u00a0\u00bb border_width_right=\u00a0\u00bb1px\u00a0\u00bb border_color_right=\u00a0\u00bb#093A63&Prime; border_width_left=\u00a0\u00bb1px\u00a0\u00bb border_width_right_tablet=\u00a0\u00bb0px\u00a0\u00bb border_width_right_phone=\u00a0\u00bb0px\u00a0\u00bb border_width_right_last_edited=\u00a0\u00bbon|phone\u00a0\u00bb border_width_left_tablet=\u00a0\u00bb0px\u00a0\u00bb border_width_left_phone=\u00a0\u00bb0px\u00a0\u00bb border_width_left_last_edited=\u00a0\u00bbon|phone\u00a0\u00bb global_colors_info=\u00a0\u00bb{}\u00a0\u00bb][et_pb_blurb title=\u00a0\u00bbVISITEZ-NOUS\u00a0\u00bb use_icon=\u00a0\u00bbon\u00a0\u00bb font_icon=\u00a0\u00bb&#xe081;||divi||400&Prime; _builder_version=\u00a0\u00bb4.21.0&Prime; _module_preset=\u00a0\u00bbdefault\u00a0\u00bb header_level=\u00a0\u00bbh2&Prime; header_text_align=\u00a0\u00bbcenter\u00a0\u00bb body_font=\u00a0\u00bb|300|||||||\u00a0\u00bb body_text_align=\u00a0\u00bbcenter\u00a0\u00bb body_text_color=\u00a0\u00bb#000000&Prime; text_orientation=\u00a0\u00bbcenter\u00a0\u00bb locked=\u00a0\u00bboff\u00a0\u00bb global_colors_info=\u00a0\u00bb{}\u00a0\u00bb]2215 Faithfull Avenue<br \/>\nSaskatoon, SK, Canada<br \/>\nS7K 1T8[\/et_pb_blurb][\/et_pb_column][et_pb_column type=\u00a0\u00bb1_3&Prime; _builder_version=\u00a0\u00bb4.21.0&Prime; _module_preset=\u00a0\u00bbdefault\u00a0\u00bb global_colors_info=\u00a0\u00bb{}\u00a0\u00bb][et_pb_blurb title=\u00a0\u00bbHEURES D&#039;OUVERTURE\u00a0\u00bb use_icon=\u00a0\u00bbon\u00a0\u00bb font_icon=\u00a0\u00bb&#xf017;||fa||400&Prime; _builder_version=\u00a0\u00bb4.21.0&Prime; _module_preset=\u00a0\u00bbdefault\u00a0\u00bb header_level=\u00a0\u00bbh2&Prime; header_text_align=\u00a0\u00bbcenter\u00a0\u00bb body_font=\u00a0\u00bb|300|||||||\u00a0\u00bb body_text_align=\u00a0\u00bbcenter\u00a0\u00bb body_text_color=\u00a0\u00bb#000000&Prime; locked=\u00a0\u00bboff\u00a0\u00bb global_colors_info=\u00a0\u00bb{}\u00a0\u00bb]<\/p>\n<p>Lundi \u2013 Vendredi : 8h00 \u2013 16h30<br \/>\nSamedi \u2013 Dimanche : Ferm\u00e9<\/p>\n<p>[\/et_pb_blurb][\/et_pb_column][\/et_pb_row][\/et_pb_section][et_pb_section fb_built=\u00a0\u00bb1&Prime; _builder_version=\u00a0\u00bb4.27.2&Prime; _module_preset=\u00a0\u00bbdefault\u00a0\u00bb background_color=\u00a0\u00bb#0C71C3&Prime; custom_padding=\u00a0\u00bb25px||12px|||\u00a0\u00bb global_colors_info=\u00a0\u00bb{}\u00a0\u00bb][et_pb_row _builder_version=\u00a0\u00bb4.27.2&Prime; _module_preset=\u00a0\u00bbdefault\u00a0\u00bb hover_enabled=\u00a0\u00bb0&Prime; global_colors_info=\u00a0\u00bb{}\u00a0\u00bb custom_margin=\u00a0\u00bb100px|auto|227px|auto|false|false\u00a0\u00bb sticky_enabled=\u00a0\u00bb0&Prime;][et_pb_column type=\u00a0\u00bb4_4&Prime; _builder_version=\u00a0\u00bb4.21.0&Prime; _module_preset=\u00a0\u00bbdefault\u00a0\u00bb global_colors_info=\u00a0\u00bb{}\u00a0\u00bb][et_pb_text _builder_version=\u00a0\u00bb4.27.2&Prime; _module_preset=\u00a0\u00bbdefault\u00a0\u00bb text_text_color=\u00a0\u00bb#000000&Prime; custom_padding=\u00a0\u00bb||17px|||\u00a0\u00bb hover_enabled=\u00a0\u00bb0&Prime; global_colors_info=\u00a0\u00bb{}\u00a0\u00bb header_3_text_color=\u00a0\u00bb#000000&Prime; sticky_enabled=\u00a0\u00bb0&Prime; header_3_text_align=\u00a0\u00bbcenter\u00a0\u00bb]<\/p>\n<h3>Merci de nous avoir contact\u00e9s ! Nous vous r\u00e9pondrons sous peu. <\/h3>\n<p>[\/et_pb_text][\/et_pb_column][\/et_pb_row][\/et_pb_section][et_pb_section fb_built=\u00a0\u00bb1&Prime; _builder_version=\u00a0\u00bb4.21.0&Prime; _module_preset=\u00a0\u00bbdefault\u00a0\u00bb background_image=\u00a0\u00bbhttp:\/\/hydraulitechs.com\/wp-content\/uploads\/2023\/07\/world-background.jpg\u00a0\u00bb background_position=\u00a0\u00bbtop_center\u00a0\u00bb custom_padding=\u00a0\u00bb||35px|||\u00a0\u00bb global_colors_info=\u00a0\u00bb{}\u00a0\u00bb disabled_on=\u00a0\u00bbon|on|on\u00a0\u00bb disabled=\u00a0\u00bbon\u00a0\u00bb][et_pb_row column_structure=\u00a0\u00bb1_5,3_5,1_5&Prime; _builder_version=\u00a0\u00bb4.27.2&Prime; _module_preset=\u00a0\u00bbdefault\u00a0\u00bb hover_enabled=\u00a0\u00bb0&Prime; global_colors_info=\u00a0\u00bb{}\u00a0\u00bb sticky_enabled=\u00a0\u00bb0&Prime;][et_pb_column type=\u00a0\u00bb1_5&Prime; _builder_version=\u00a0\u00bb4.21.0&Prime; _module_preset=\u00a0\u00bbdefault\u00a0\u00bb global_colors_info=\u00a0\u00bb{}\u00a0\u00bb][\/et_pb_column][et_pb_column type=\u00a0\u00bb3_5&Prime; _builder_version=\u00a0\u00bb4.21.0&Prime; _module_preset=\u00a0\u00bbdefault\u00a0\u00bb global_colors_info=\u00a0\u00bb{}\u00a0\u00bb][et_pb_text _builder_version=\u00a0\u00bb4.21.0&Prime; _module_preset=\u00a0\u00bbdefault\u00a0\u00bb header_3_font=\u00a0\u00bb|||on|||||\u00a0\u00bb header_3_text_color=\u00a0\u00bb#FFFFFF\u00a0\u00bb global_colors_info=\u00a0\u00bb{}\u00a0\u00bb]<\/p>\n<h3>Demandez une soumission ou envoyez-nous un message<\/h3>\n<p>[\/et_pb_text][et_pb_df_gravityform_injector id=\u00a0\u00bb3&Prime; title=\u00a0\u00bboff\u00a0\u00bb description=\u00a0\u00bboff\u00a0\u00bb fb_background_color=\u00a0\u00bb#DCA32F\u00a0\u00bb fb_background_color_hover=\u00a0\u00bb#dbb976&Prime; fb_text_color_hover=\u00a0\u00bb#FFFFFF\u00a0\u00bb fb_padding=\u00a0\u00bb15px|40px|15px|40px|false|false\u00a0\u00bb fb_margin=\u00a0\u00bb10px|15px|0|0|false|false\u00a0\u00bb input_background_color=\u00a0\u00bbrgba(255,255,255,0.5)\u00a0\u00bb _builder_version=\u00a0\u00bb4.21.0&Prime; _module_preset=\u00a0\u00bbdefault\u00a0\u00bb input_font=\u00a0\u00bb|700||on|||||\u00a0\u00bb input_text_color=\u00a0\u00bb#FFFFFF\u00a0\u00bb input_font_size=\u00a0\u00bb21px\u00a0\u00bb form_button_font=\u00a0\u00bb|700||on|||||\u00a0\u00bb form_button_text_color=\u00a0\u00bb#FFFFFF\u00a0\u00bb custom_padding=\u00a0\u00bb0px|0px|0px|0px|false|false\u00a0\u00bb global_colors_info=\u00a0\u00bb{}\u00a0\u00bb][\/et_pb_df_gravityform_injector][\/et_pb_column][et_pb_column type=\u00a0\u00bb1_5&Prime; _builder_version=\u00a0\u00bb4.21.0&Prime; _module_preset=\u00a0\u00bbdefault\u00a0\u00bb global_colors_info=\u00a0\u00bb{}\u00a0\u00bb][\/et_pb_column][\/et_pb_row][\/et_pb_section]<\/p>\n","protected":false},"excerpt":{"rendered":"<p>MERCI(306) 683-1960 contact@hydraulitechs.com2215 Faithfull Avenue Saskatoon, SK, Canada S7K 1T8Lundi \u2013 Vendredi : 8h00 \u2013 16h30 Samedi \u2013 Dimanche : Ferm\u00e9Merci de nous avoir contact\u00e9s ! Nous vous r\u00e9pondrons sous peu. Demandez une soumission ou envoyez-nous un message<\/p>\n","protected":false},"author":4,"featured_media":0,"parent":0,"menu_order":0,"comment_status":"closed","ping_status":"closed","template":"","meta":{"_acf_changed":false,"_et_pb_use_builder":"on","_et_pb_old_content":"","_et_gb_content_width":"","footnotes":""},"class_list":["post-52462","page","type-page","status-publish","hentry"],"acf":[],"yoast_head":"<!-- This site is optimized with the Yoast SEO plugin v26.5 - https:\/\/yoast.com\/wordpress\/plugins\/seo\/ -->\n<title>Merci - Hydraulitechs | Hydraulic Service | Tube Honing Machine | Saskatoon SK<\/title>\n<meta name=\"description\" content=\"Contactez-nous : 1 (306) 683-1960, \u2013 Courriel : contact@hydraulitechs.com \u2013 1725 Ontario Ave, Saskatoon, SK, Canada. Machines d&#039;atelier hydraulique.\" \/>\n<meta name=\"robots\" content=\"index, follow, max-snippet:-1, max-image-preview:large, max-video-preview:-1\" \/>\n<link rel=\"canonical\" href=\"https:\/\/hydraulitechs.com\/fr\/merci\/\" \/>\n<meta property=\"og:locale\" content=\"fr_FR\" \/>\n<meta property=\"og:type\" content=\"article\" \/>\n<meta property=\"og:title\" content=\"Merci - Hydraulitechs | Hydraulic Service | Tube Honing Machine | Saskatoon SK\" \/>\n<meta property=\"og:description\" content=\"Contactez-nous : 1 (306) 683-1960, \u2013 Courriel : contact@hydraulitechs.com \u2013 1725 Ontario Ave, Saskatoon, SK, Canada. Machines d&#039;atelier hydraulique.\" \/>\n<meta property=\"og:url\" content=\"https:\/\/hydraulitechs.com\/fr\/merci\/\" \/>\n<meta property=\"og:site_name\" content=\"Hydraulitechs | Hydraulic Service | Tube Honing Machine | Saskatoon SK\" \/>\n<meta property=\"article:modified_time\" content=\"2026-04-16T19:16:49+00:00\" \/>\n<meta name=\"twitter:card\" content=\"summary_large_image\" \/>\n<meta name=\"twitter:label1\" content=\"Dur\u00e9e de lecture estim\u00e9e\" \/>\n\t<meta name=\"twitter:data1\" content=\"3 minutes\" \/>\n<script type=\"application\/ld+json\" class=\"yoast-schema-graph\">{\"@context\":\"https:\/\/schema.org\",\"@graph\":[{\"@type\":\"WebPage\",\"@id\":\"https:\/\/hydraulitechs.com\/fr\/merci\/\",\"url\":\"https:\/\/hydraulitechs.com\/fr\/merci\/\",\"name\":\"Merci - Hydraulitechs | Hydraulic Service | Tube Honing Machine | Saskatoon SK\",\"isPartOf\":{\"@id\":\"https:\/\/hydraulitechs.com\/fr\/#website\"},\"datePublished\":\"2025-05-08T06:53:08+00:00\",\"dateModified\":\"2026-04-16T19:16:49+00:00\",\"description\":\"Contactez-nous : 1 (306) 683-1960, \u2013 Courriel : contact@hydraulitechs.com \u2013 1725 Ontario Ave, Saskatoon, SK, Canada. Machines d'atelier hydraulique.\",\"breadcrumb\":{\"@id\":\"https:\/\/hydraulitechs.com\/fr\/merci\/#breadcrumb\"},\"inLanguage\":\"fr-FR\",\"potentialAction\":[{\"@type\":\"ReadAction\",\"target\":[\"https:\/\/hydraulitechs.com\/fr\/merci\/\"]}]},{\"@type\":\"BreadcrumbList\",\"@id\":\"https:\/\/hydraulitechs.com\/fr\/merci\/#breadcrumb\",\"itemListElement\":[{\"@type\":\"ListItem\",\"position\":1,\"name\":\"Home\",\"item\":\"https:\/\/hydraulitechs.com\/fr\/\"},{\"@type\":\"ListItem\",\"position\":2,\"name\":\"Merci\"}]},{\"@type\":\"WebSite\",\"@id\":\"https:\/\/hydraulitechs.com\/fr\/#website\",\"url\":\"https:\/\/hydraulitechs.com\/fr\/\",\"name\":\"Hydraulitechs | Hydraulic Service | Tube Honing Machine | Saskatoon SK\",\"description\":\"\",\"potentialAction\":[{\"@type\":\"SearchAction\",\"target\":{\"@type\":\"EntryPoint\",\"urlTemplate\":\"https:\/\/hydraulitechs.com\/fr\/?s={search_term_string}\"},\"query-input\":{\"@type\":\"PropertyValueSpecification\",\"valueRequired\":true,\"valueName\":\"search_term_string\"}}],\"inLanguage\":\"fr-FR\"}]}<\/script>\n<!-- \/ Yoast SEO plugin. -->","yoast_head_json":{"title":"Merci - Hydraulitechs | Hydraulic Service | Tube Honing Machine | Saskatoon SK","description":"Contactez-nous : 1 (306) 683-1960, \u2013 Courriel : contact@hydraulitechs.com \u2013 1725 Ontario Ave, Saskatoon, SK, Canada. Machines d'atelier hydraulique.","robots":{"index":"index","follow":"follow","max-snippet":"max-snippet:-1","max-image-preview":"max-image-preview:large","max-video-preview":"max-video-preview:-1"},"canonical":"https:\/\/hydraulitechs.com\/fr\/merci\/","og_locale":"fr_FR","og_type":"article","og_title":"Merci - Hydraulitechs | Hydraulic Service | Tube Honing Machine | Saskatoon SK","og_description":"Contactez-nous : 1 (306) 683-1960, \u2013 Courriel : contact@hydraulitechs.com \u2013 1725 Ontario Ave, Saskatoon, SK, Canada. Machines d'atelier hydraulique.","og_url":"https:\/\/hydraulitechs.com\/fr\/merci\/","og_site_name":"Hydraulitechs | Hydraulic Service | Tube Honing Machine | Saskatoon SK","article_modified_time":"2026-04-16T19:16:49+00:00","twitter_card":"summary_large_image","twitter_misc":{"Dur\u00e9e de lecture estim\u00e9e":"3 minutes"},"schema":{"@context":"https:\/\/schema.org","@graph":[{"@type":"WebPage","@id":"https:\/\/hydraulitechs.com\/fr\/merci\/","url":"https:\/\/hydraulitechs.com\/fr\/merci\/","name":"Merci - Hydraulitechs | Hydraulic Service | Tube Honing Machine | Saskatoon SK","isPartOf":{"@id":"https:\/\/hydraulitechs.com\/fr\/#website"},"datePublished":"2025-05-08T06:53:08+00:00","dateModified":"2026-04-16T19:16:49+00:00","description":"Contactez-nous : 1 (306) 683-1960, \u2013 Courriel : contact@hydraulitechs.com \u2013 1725 Ontario Ave, Saskatoon, SK, Canada. Machines d'atelier hydraulique.","breadcrumb":{"@id":"https:\/\/hydraulitechs.com\/fr\/merci\/#breadcrumb"},"inLanguage":"fr-FR","potentialAction":[{"@type":"ReadAction","target":["https:\/\/hydraulitechs.com\/fr\/merci\/"]}]},{"@type":"BreadcrumbList","@id":"https:\/\/hydraulitechs.com\/fr\/merci\/#breadcrumb","itemListElement":[{"@type":"ListItem","position":1,"name":"Home","item":"https:\/\/hydraulitechs.com\/fr\/"},{"@type":"ListItem","position":2,"name":"Merci"}]},{"@type":"WebSite","@id":"https:\/\/hydraulitechs.com\/fr\/#website","url":"https:\/\/hydraulitechs.com\/fr\/","name":"Hydraulitechs | Hydraulic Service | Tube Honing Machine | Saskatoon SK","description":"","potentialAction":[{"@type":"SearchAction","target":{"@type":"EntryPoint","urlTemplate":"https:\/\/hydraulitechs.com\/fr\/?s={search_term_string}"},"query-input":{"@type":"PropertyValueSpecification","valueRequired":true,"valueName":"search_term_string"}}],"inLanguage":"fr-FR"}]}},"_links":{"self":[{"href":"https:\/\/hydraulitechs.com\/fr\/wp-json\/wp\/v2\/pages\/52462","targetHints":{"allow":["GET"]}}],"collection":[{"href":"https:\/\/hydraulitechs.com\/fr\/wp-json\/wp\/v2\/pages"}],"about":[{"href":"https:\/\/hydraulitechs.com\/fr\/wp-json\/wp\/v2\/types\/page"}],"author":[{"embeddable":true,"href":"https:\/\/hydraulitechs.com\/fr\/wp-json\/wp\/v2\/users\/4"}],"replies":[{"embeddable":true,"href":"https:\/\/hydraulitechs.com\/fr\/wp-json\/wp\/v2\/comments?post=52462"}],"version-history":[{"count":5,"href":"https:\/\/hydraulitechs.com\/fr\/wp-json\/wp\/v2\/pages\/52462\/revisions"}],"predecessor-version":[{"id":52469,"href":"https:\/\/hydraulitechs.com\/fr\/wp-json\/wp\/v2\/pages\/52462\/revisions\/52469"}],"wp:attachment":[{"href":"https:\/\/hydraulitechs.com\/fr\/wp-json\/wp\/v2\/media?parent=52462"}],"curies":[{"name":"wp","href":"https:\/\/api.w.org\/{rel}","templated":true}]}}